{"id":8845,"date":"2021-09-18T23:10:49","date_gmt":"2021-09-19T04:10:49","guid":{"rendered":"https:\/\/lewinywills.com\/?page_id=8845"},"modified":"2025-10-09T20:11:50","modified_gmt":"2025-10-10T01:11:50","slug":"https-lewinywills-com-especialidades-otras-areas","status":"publish","type":"page","link":"https:\/\/lewinywills.com\/en\/https-lewinywills-com-especialidades-otras-areas\/","title":{"rendered":"Otras \u00e1reas de derecho"},"content":{"rendered":"<div data-elementor-type=\"wp-post\" data-elementor-id=\"8845\" class=\"elementor elementor-8845\">\n\t\t\t\t\t\t<section class=\"elementor-section elementor-top-section elementor-element elementor-element-33c7e80 elementor-section-boxed elementor-section-height-default elementor-section-height-default elementor-invisible\" data-id=\"33c7e80\" data-element_type=\"section\" data-e-type=\"section\" id=\"otras\" data-settings=\"{&quot;background_background&quot;:&quot;classic&quot;,&quot;animation&quot;:&quot;fadeInUp&quot;}\">\n\t\t\t\t\t\t\t<div class=\"elementor-background-overlay\"><\/div>\n\t\t\t\t\t\t\t<div class=\"elementor-container elementor-column-gap-default\">\n\t\t\t\t\t<div class=\"elementor-column elementor-col-100 elementor-top-column elementor-element elementor-element-a318703\" data-id=\"a318703\" data-element_type=\"column\" data-e-type=\"column\">\n\t\t\t<div class=\"elementor-widget-wrap elementor-element-populated\">\n\t\t\t\t\t\t<div class=\"elementor-element elementor-element-a9f0e07 elementor-widget elementor-widget-elementskit-heading\" data-id=\"a9f0e07\" data-element_type=\"widget\" data-e-type=\"widget\" data-widget_type=\"elementskit-heading.default\">\n\t\t\t\t<div class=\"elementor-widget-container\">\n\t\t\t\t\t<div class=\"ekit-wid-con\" ><div class=\"ekit-heading elementskit-section-title-wraper text_center   ekit_heading_tablet-   ekit_heading_mobile-\"><h2 class=\"ekit-heading--title elementskit-section-title\">Other Areas of Law <\/h2><\/div><\/div>\t\t\t\t<\/div>\n\t\t\t\t<\/div>\n\t\t\t\t<section class=\"elementor-section elementor-inner-section elementor-element elementor-element-8198e31 elementor-section-boxed elementor-section-height-default elementor-section-height-default\" data-id=\"8198e31\" data-element_type=\"section\" data-e-type=\"section\">\n\t\t\t\t\t\t<div class=\"elementor-container elementor-column-gap-default\">\n\t\t\t\t\t<div class=\"elementor-column elementor-col-66 elementor-inner-column elementor-element elementor-element-bdf8112\" data-id=\"bdf8112\" data-element_type=\"column\" data-e-type=\"column\">\n\t\t\t<div class=\"elementor-widget-wrap elementor-element-populated\">\n\t\t\t\t\t\t<div class=\"elementor-element elementor-element-49e196e elementor-widget elementor-widget-image\" data-id=\"49e196e\" data-element_type=\"widget\" data-e-type=\"widget\" data-widget_type=\"image.default\">\n\t\t\t\t<div class=\"elementor-widget-container\">\n\t\t\t\t\t\t\t\t\t\t\t\t\t\t\t<img fetchpriority=\"high\" decoding=\"async\" width=\"540\" height=\"384\" src=\"https:\/\/lewinywills.com\/wp-content\/uploads\/2020\/11\/EDIT-07.jpg\" class=\"attachment-large size-large wp-image-7411\" alt=\"Firma de abogados Lewin &amp; Wills\" srcset=\"https:\/\/lewinywills.com\/wp-content\/uploads\/2020\/11\/EDIT-07.jpg 540w, https:\/\/lewinywills.com\/wp-content\/uploads\/2020\/11\/EDIT-07-300x213.jpg 300w, https:\/\/lewinywills.com\/wp-content\/uploads\/2020\/11\/EDIT-07-16x12.jpg 16w, https:\/\/lewinywills.com\/wp-content\/uploads\/2020\/11\/EDIT-07-350x250.jpg 350w\" sizes=\"(max-width: 540px) 100vw, 540px\" \/>\t\t\t\t\t\t\t\t\t\t\t\t\t\t\t<\/div>\n\t\t\t\t<\/div>\n\t\t\t\t<div class=\"elementor-element elementor-element-e869043 elementor-widget elementor-widget-elementskit-heading\" data-id=\"e869043\" data-element_type=\"widget\" data-e-type=\"widget\" data-widget_type=\"elementskit-heading.default\">\n\t\t\t\t<div class=\"elementor-widget-container\">\n\t\t\t\t\t<div class=\"ekit-wid-con\" ><div class=\"ekit-heading elementskit-section-title-wraper text_left   ekit_heading_tablet-   ekit_heading_mobile-\">\t\t\t\t<div class='ekit-heading__description'>\n\t\t\t\t\t<p>Through a long-standing and trustworthy network of of-council experts, Lewin &amp; Wills provides to its clients seamlessly integrated legal services in other areas of law.<\/p>\n\t\t\t\t<\/div>\n\t\t\t<\/div><\/div>\t\t\t\t<\/div>\n\t\t\t\t<\/div>\n\t\t\t\t\t<\/div>\n\t\t<\/div>\n\t\t\t\t<div class=\"elementor-column elementor-col-33 elementor-inner-column elementor-element elementor-element-d0072ae\" data-id=\"d0072ae\" data-element_type=\"column\" data-e-type=\"column\">\n\t\t\t<div class=\"elementor-widget-wrap elementor-element-populated\">\n\t\t\t\t\t\t<div class=\"elementor-element elementor-element-729d309 elementor-widget elementor-widget-heading\" data-id=\"729d309\" data-element_type=\"widget\" data-e-type=\"widget\" data-widget_type=\"heading.default\">\n\t\t\t\t<div class=\"elementor-widget-container\">\n\t\t\t\t\t<h4 class=\"elementor-heading-title elementor-size-default\">Services briefcase<\/h4>\t\t\t\t<\/div>\n\t\t\t\t<\/div>\n\t\t\t\t<div class=\"elementor-element elementor-element-96db4e6 elementor-icon-list--layout-traditional elementor-list-item-link-full_width elementor-widget elementor-widget-icon-list\" data-id=\"96db4e6\" data-element_type=\"widget\" data-e-type=\"widget\" data-widget_type=\"icon-list.default\">\n\t\t\t\t<div class=\"elementor-widget-container\">\n\t\t\t\t\t\t\t<ul class=\"elementor-icon-list-items\">\n\t\t\t\t\t\t\t<li class=\"elementor-icon-list-item\">\n\t\t\t\t\t\t\t\t\t\t\t<span class=\"elementor-icon-list-icon\">\n\t\t\t\t\t\t\t<i aria-hidden=\"true\" class=\"icon icon-right-arrow1\"><\/i>\t\t\t\t\t\t<\/span>\n\t\t\t\t\t\t\t\t\t\t<span class=\"elementor-icon-list-text\">Customs<\/span>\n\t\t\t\t\t\t\t\t\t<\/li>\n\t\t\t\t\t\t\t\t<li class=\"elementor-icon-list-item\">\n\t\t\t\t\t\t\t\t\t\t\t<span class=\"elementor-icon-list-icon\">\n\t\t\t\t\t\t\t<i aria-hidden=\"true\" class=\"icon icon-right-arrow1\"><\/i>\t\t\t\t\t\t<\/span>\n\t\t\t\t\t\t\t\t\t\t<span class=\"elementor-icon-list-text\">Antitrust and Competition Law <\/span>\n\t\t\t\t\t\t\t\t\t<\/li>\n\t\t\t\t\t\t\t\t<li class=\"elementor-icon-list-item\">\n\t\t\t\t\t\t\t\t\t\t\t<span class=\"elementor-icon-list-icon\">\n\t\t\t\t\t\t\t<i aria-hidden=\"true\" class=\"icon icon-right-arrow1\"><\/i>\t\t\t\t\t\t<\/span>\n\t\t\t\t\t\t\t\t\t\t<span class=\"elementor-icon-list-text\">Labor Law<\/span>\n\t\t\t\t\t\t\t\t\t<\/li>\n\t\t\t\t\t\t\t\t<li class=\"elementor-icon-list-item\">\n\t\t\t\t\t\t\t\t\t\t\t<span class=\"elementor-icon-list-icon\">\n\t\t\t\t\t\t\t<i aria-hidden=\"true\" class=\"icon icon-right-arrow1\"><\/i>\t\t\t\t\t\t<\/span>\n\t\t\t\t\t\t\t\t\t\t<span class=\"elementor-icon-list-text\">Family Law<\/span>\n\t\t\t\t\t\t\t\t\t<\/li>\n\t\t\t\t\t\t\t\t<li class=\"elementor-icon-list-item\">\n\t\t\t\t\t\t\t\t\t\t\t<span class=\"elementor-icon-list-icon\">\n\t\t\t\t\t\t\t<i aria-hidden=\"true\" class=\"icon icon-right-arrow1\"><\/i>\t\t\t\t\t\t<\/span>\n\t\t\t\t\t\t\t\t\t\t<span class=\"elementor-icon-list-text\">Energy, Mining and Natural Resources<\/span>\n\t\t\t\t\t\t\t\t\t<\/li>\n\t\t\t\t\t\t\t\t<li class=\"elementor-icon-list-item\">\n\t\t\t\t\t\t\t\t\t\t\t<span class=\"elementor-icon-list-icon\">\n\t\t\t\t\t\t\t<i aria-hidden=\"true\" class=\"icon icon-right-arrow1\"><\/i>\t\t\t\t\t\t<\/span>\n\t\t\t\t\t\t\t\t\t\t<span class=\"elementor-icon-list-text\">Consumer Protection<\/span>\n\t\t\t\t\t\t\t\t\t<\/li>\n\t\t\t\t\t\t\t\t<li class=\"elementor-icon-list-item\">\n\t\t\t\t\t\t\t\t\t\t\t<span class=\"elementor-icon-list-icon\">\n\t\t\t\t\t\t\t<i aria-hidden=\"true\" class=\"icon icon-right-arrow1\"><\/i>\t\t\t\t\t\t<\/span>\n\t\t\t\t\t\t\t\t\t\t<span class=\"elementor-icon-list-text\">Intellectual Property and Copy Rights <\/span>\n\t\t\t\t\t\t\t\t\t<\/li>\n\t\t\t\t\t\t\t\t<li class=\"elementor-icon-list-item\">\n\t\t\t\t\t\t\t\t\t\t\t<span class=\"elementor-icon-list-icon\">\n\t\t\t\t\t\t\t<i aria-hidden=\"true\" class=\"icon icon-right-arrow1\"><\/i>\t\t\t\t\t\t<\/span>\n\t\t\t\t\t\t\t\t\t\t<span class=\"elementor-icon-list-text\">Oil &amp; Gas<\/span>\n\t\t\t\t\t\t\t\t\t<\/li>\n\t\t\t\t\t\t\t\t<li class=\"elementor-icon-list-item\">\n\t\t\t\t\t\t\t\t\t\t\t<span class=\"elementor-icon-list-icon\">\n\t\t\t\t\t\t\t<i aria-hidden=\"true\" class=\"icon icon-right-arrow1\"><\/i>\t\t\t\t\t\t<\/span>\n\t\t\t\t\t\t\t\t\t\t<span class=\"elementor-icon-list-text\">Estates and Wills  <\/span>\n\t\t\t\t\t\t\t\t\t<\/li>\n\t\t\t\t\t\t<\/ul>\n\t\t\t\t\t\t<\/div>\n\t\t\t\t<\/div>\n\t\t\t\t\t<\/div>\n\t\t<\/div>\n\t\t\t\t\t<\/div>\n\t\t<\/section>\n\t\t\t\t\t<\/div>\n\t\t<\/div>\n\t\t\t\t\t<\/div>\n\t\t<\/section>\n\t\t\t\t<\/div>","protected":false},"excerpt":{"rendered":"<p>Otras \u00c1reas del Derecho A trav\u00e9s de una red de asesores legales externos de alto nivel, profesionalismo y experticia, Lewin &amp; Wills brinda a sus clientes servicios legales integrados con otras \u00e1reas del derecho. Portafolio de servicios Derecho Aduanero Derecho de la Competencia e Integraciones Derecho Laboral Derecho de Familia Energ\u00eda, Miner\u00eda y Recursos Naturales [&hellip;]<\/p>\n","protected":false},"author":11,"featured_media":0,"parent":0,"menu_order":0,"comment_status":"closed","ping_status":"closed","template":"template\/full-width-template.php","meta":{"episode_type":"","audio_file":"","cover_image":"","cover_image_id":"","duration":"","filesize":"","filesize_raw":"","date_recorded":"","explicit":"","block":"","itunes_episode_number":"","itunes_title":"","itunes_season_number":"","itunes_episode_type":"","footnotes":""},"class_list":["post-8845","page","type-page","status-publish","hentry"],"yoast_head":"<!-- This site is optimized with the Yoast SEO plugin v27.0 - https:\/\/yoast.com\/product\/yoast-seo-wordpress\/ -->\n<title>Otras \u00e1reas de derecho - Lewin &amp; Wills<\/title>\n<meta name=\"robots\" content=\"index, follow, max-snippet:-1, max-image-preview:large, max-video-preview:-1\" \/>\n<link rel=\"canonical\" href=\"https:\/\/lewinywills.com\/en\/https-lewinywills-com-especialidades-otras-areas\/\" \/>\n<meta property=\"og:locale\" content=\"en_US\" \/>\n<meta property=\"og:type\" content=\"article\" \/>\n<meta property=\"og:title\" content=\"Otras \u00e1reas de derecho - Lewin &amp; Wills\" \/>\n<meta property=\"og:description\" content=\"Otras \u00c1reas del Derecho A trav\u00e9s de una red de asesores legales externos de alto nivel, profesionalismo y experticia, Lewin &amp; Wills brinda a sus clientes servicios legales integrados con otras \u00e1reas del derecho. Portafolio de servicios Derecho Aduanero Derecho de la Competencia e Integraciones Derecho Laboral Derecho de Familia Energ\u00eda, Miner\u00eda y Recursos Naturales [&hellip;]\" \/>\n<meta property=\"og:url\" content=\"https:\/\/lewinywills.com\/en\/https-lewinywills-com-especialidades-otras-areas\/\" \/>\n<meta property=\"og:site_name\" content=\"Lewin &amp; Wills\" \/>\n<meta property=\"article:modified_time\" content=\"2025-10-10T01:11:50+00:00\" \/>\n<meta property=\"og:image\" content=\"https:\/\/lewinywills.com\/wp-content\/uploads\/2020\/11\/EDIT-07.jpg\" \/>\n<meta name=\"twitter:card\" content=\"summary_large_image\" \/>\n<meta name=\"twitter:site\" content=\"@LewinWills\" \/>\n<meta name=\"twitter:label1\" content=\"Est. reading time\" \/>\n\t<meta name=\"twitter:data1\" content=\"1 minute\" \/>\n<script type=\"application\/ld+json\" class=\"yoast-schema-graph\">{\"@context\":\"https:\/\/schema.org\",\"@graph\":[{\"@type\":\"WebPage\",\"@id\":\"https:\/\/lewinywills.com\/https-lewinywills-com-especialidades-otras-areas\/\",\"url\":\"https:\/\/lewinywills.com\/https-lewinywills-com-especialidades-otras-areas\/\",\"name\":\"Otras \u00e1reas de derecho - Lewin &amp; Wills\",\"isPartOf\":{\"@id\":\"https:\/\/lewinywills.com\/#website\"},\"primaryImageOfPage\":{\"@id\":\"https:\/\/lewinywills.com\/https-lewinywills-com-especialidades-otras-areas\/#primaryimage\"},\"image\":{\"@id\":\"https:\/\/lewinywills.com\/https-lewinywills-com-especialidades-otras-areas\/#primaryimage\"},\"thumbnailUrl\":\"https:\/\/lewinywills.com\/wp-content\/uploads\/2020\/11\/EDIT-07.jpg\",\"datePublished\":\"2021-09-19T04:10:49+00:00\",\"dateModified\":\"2025-10-10T01:11:50+00:00\",\"breadcrumb\":{\"@id\":\"https:\/\/lewinywills.com\/https-lewinywills-com-especialidades-otras-areas\/#breadcrumb\"},\"inLanguage\":\"en-US\",\"potentialAction\":[{\"@type\":\"ReadAction\",\"target\":[\"https:\/\/lewinywills.com\/https-lewinywills-com-especialidades-otras-areas\/\"]}]},{\"@type\":\"ImageObject\",\"inLanguage\":\"en-US\",\"@id\":\"https:\/\/lewinywills.com\/https-lewinywills-com-especialidades-otras-areas\/#primaryimage\",\"url\":\"https:\/\/lewinywills.com\/wp-content\/uploads\/2020\/11\/EDIT-07.jpg\",\"contentUrl\":\"https:\/\/lewinywills.com\/wp-content\/uploads\/2020\/11\/EDIT-07.jpg\"},{\"@type\":\"BreadcrumbList\",\"@id\":\"https:\/\/lewinywills.com\/https-lewinywills-com-especialidades-otras-areas\/#breadcrumb\",\"itemListElement\":[{\"@type\":\"ListItem\",\"position\":1,\"name\":\"Inicio\",\"item\":\"https:\/\/lewinywills.com\/\"},{\"@type\":\"ListItem\",\"position\":2,\"name\":\"Otras \u00e1reas de derecho\"}]},{\"@type\":\"WebSite\",\"@id\":\"https:\/\/lewinywills.com\/#website\",\"url\":\"https:\/\/lewinywills.com\/\",\"name\":\"Lewin &amp; Wills\",\"description\":\"Firma de abogados | Especialidades | Lewin y Wills\",\"potentialAction\":[{\"@type\":\"SearchAction\",\"target\":{\"@type\":\"EntryPoint\",\"urlTemplate\":\"https:\/\/lewinywills.com\/?s={search_term_string}\"},\"query-input\":{\"@type\":\"PropertyValueSpecification\",\"valueRequired\":true,\"valueName\":\"search_term_string\"}}],\"inLanguage\":\"en-US\"}]}<\/script>\n<!-- \/ Yoast SEO plugin. -->","yoast_head_json":{"title":"Otras \u00e1reas de derecho - Lewin &amp; Wills","robots":{"index":"index","follow":"follow","max-snippet":"max-snippet:-1","max-image-preview":"max-image-preview:large","max-video-preview":"max-video-preview:-1"},"canonical":"https:\/\/lewinywills.com\/en\/https-lewinywills-com-especialidades-otras-areas\/","og_locale":"en_US","og_type":"article","og_title":"Otras \u00e1reas de derecho - Lewin &amp; Wills","og_description":"Otras \u00c1reas del Derecho A trav\u00e9s de una red de asesores legales externos de alto nivel, profesionalismo y experticia, Lewin &amp; Wills brinda a sus clientes servicios legales integrados con otras \u00e1reas del derecho. Portafolio de servicios Derecho Aduanero Derecho de la Competencia e Integraciones Derecho Laboral Derecho de Familia Energ\u00eda, Miner\u00eda y Recursos Naturales [&hellip;]","og_url":"https:\/\/lewinywills.com\/en\/https-lewinywills-com-especialidades-otras-areas\/","og_site_name":"Lewin &amp; Wills","article_modified_time":"2025-10-10T01:11:50+00:00","og_image":[{"url":"https:\/\/lewinywills.com\/wp-content\/uploads\/2020\/11\/EDIT-07.jpg","type":"","width":"","height":""}],"twitter_card":"summary_large_image","twitter_site":"@LewinWills","twitter_misc":{"Est. reading time":"1 minute"},"schema":{"@context":"https:\/\/schema.org","@graph":[{"@type":"WebPage","@id":"https:\/\/lewinywills.com\/https-lewinywills-com-especialidades-otras-areas\/","url":"https:\/\/lewinywills.com\/https-lewinywills-com-especialidades-otras-areas\/","name":"Otras \u00e1reas de derecho - Lewin &amp; Wills","isPartOf":{"@id":"https:\/\/lewinywills.com\/#website"},"primaryImageOfPage":{"@id":"https:\/\/lewinywills.com\/https-lewinywills-com-especialidades-otras-areas\/#primaryimage"},"image":{"@id":"https:\/\/lewinywills.com\/https-lewinywills-com-especialidades-otras-areas\/#primaryimage"},"thumbnailUrl":"https:\/\/lewinywills.com\/wp-content\/uploads\/2020\/11\/EDIT-07.jpg","datePublished":"2021-09-19T04:10:49+00:00","dateModified":"2025-10-10T01:11:50+00:00","breadcrumb":{"@id":"https:\/\/lewinywills.com\/https-lewinywills-com-especialidades-otras-areas\/#breadcrumb"},"inLanguage":"en-US","potentialAction":[{"@type":"ReadAction","target":["https:\/\/lewinywills.com\/https-lewinywills-com-especialidades-otras-areas\/"]}]},{"@type":"ImageObject","inLanguage":"en-US","@id":"https:\/\/lewinywills.com\/https-lewinywills-com-especialidades-otras-areas\/#primaryimage","url":"https:\/\/lewinywills.com\/wp-content\/uploads\/2020\/11\/EDIT-07.jpg","contentUrl":"https:\/\/lewinywills.com\/wp-content\/uploads\/2020\/11\/EDIT-07.jpg"},{"@type":"BreadcrumbList","@id":"https:\/\/lewinywills.com\/https-lewinywills-com-especialidades-otras-areas\/#breadcrumb","itemListElement":[{"@type":"ListItem","position":1,"name":"Inicio","item":"https:\/\/lewinywills.com\/"},{"@type":"ListItem","position":2,"name":"Otras \u00e1reas de derecho"}]},{"@type":"WebSite","@id":"https:\/\/lewinywills.com\/#website","url":"https:\/\/lewinywills.com\/","name":"Lewin &amp; Wills","description":"Firma de abogados | Especialidades | Lewin y Wills","potentialAction":[{"@type":"SearchAction","target":{"@type":"EntryPoint","urlTemplate":"https:\/\/lewinywills.com\/?s={search_term_string}"},"query-input":{"@type":"PropertyValueSpecification","valueRequired":true,"valueName":"search_term_string"}}],"inLanguage":"en-US"}]}},"_links":{"self":[{"href":"https:\/\/lewinywills.com\/en\/wp-json\/wp\/v2\/pages\/8845","targetHints":{"allow":["GET"]}}],"collection":[{"href":"https:\/\/lewinywills.com\/en\/wp-json\/wp\/v2\/pages"}],"about":[{"href":"https:\/\/lewinywills.com\/en\/wp-json\/wp\/v2\/types\/page"}],"author":[{"embeddable":true,"href":"https:\/\/lewinywills.com\/en\/wp-json\/wp\/v2\/users\/11"}],"replies":[{"embeddable":true,"href":"https:\/\/lewinywills.com\/en\/wp-json\/wp\/v2\/comments?post=8845"}],"version-history":[{"count":12,"href":"https:\/\/lewinywills.com\/en\/wp-json\/wp\/v2\/pages\/8845\/revisions"}],"predecessor-version":[{"id":11343,"href":"https:\/\/lewinywills.com\/en\/wp-json\/wp\/v2\/pages\/8845\/revisions\/11343"}],"wp:attachment":[{"href":"https:\/\/lewinywills.com\/en\/wp-json\/wp\/v2\/media?parent=8845"}],"curies":[{"name":"wp","href":"https:\/\/api.w.org\/{rel}","templated":true}]}}