{"id":8824,"date":"2021-09-18T22:58:22","date_gmt":"2021-09-19T03:58:22","guid":{"rendered":"https:\/\/lewinywills.com\/?page_id=8824"},"modified":"2025-10-09T20:07:31","modified_gmt":"2025-10-10T01:07:31","slug":"corporativo","status":"publish","type":"page","link":"https:\/\/lewinywills.com\/en\/miembros\/corporativo\/","title":{"rendered":"Corporate Law"},"content":{"rendered":"<div data-elementor-type=\"wp-post\" data-elementor-id=\"8824\" class=\"elementor elementor-8824\">\n\t\t\t\t\t\t<section class=\"elementor-section elementor-top-section elementor-element elementor-element-472ed15 elementor-section-boxed elementor-section-height-default elementor-section-height-default\" data-id=\"472ed15\" data-element_type=\"section\" data-e-type=\"section\" id=\"corporativo\">\n\t\t\t\t\t\t<div class=\"elementor-container elementor-column-gap-default\">\n\t\t\t\t\t<div class=\"elementor-column elementor-col-100 elementor-top-column elementor-element elementor-element-589264d\" data-id=\"589264d\" data-element_type=\"column\" data-e-type=\"column\">\n\t\t\t<div class=\"elementor-widget-wrap elementor-element-populated\">\n\t\t\t\t\t\t<div class=\"elementor-element elementor-element-3b49392 elementor-widget elementor-widget-elementskit-heading\" data-id=\"3b49392\" data-element_type=\"widget\" data-e-type=\"widget\" data-widget_type=\"elementskit-heading.default\">\n\t\t\t\t<div class=\"elementor-widget-container\">\n\t\t\t\t\t<div class=\"ekit-wid-con\" ><div class=\"ekit-heading elementskit-section-title-wraper text_center   ekit_heading_tablet-   ekit_heading_mobile-\"><h2 class=\"ekit-heading--title elementskit-section-title\">Corporate Law<\/h2><\/div><\/div>\t\t\t\t<\/div>\n\t\t\t\t<\/div>\n\t\t\t\t<section class=\"elementor-section elementor-inner-section elementor-element elementor-element-aa2ca96 elementor-section-boxed elementor-section-height-default elementor-section-height-default\" data-id=\"aa2ca96\" data-element_type=\"section\" data-e-type=\"section\">\n\t\t\t\t\t\t<div class=\"elementor-container elementor-column-gap-default\">\n\t\t\t\t\t<div class=\"elementor-column elementor-col-66 elementor-inner-column elementor-element elementor-element-c8ee632\" data-id=\"c8ee632\" data-element_type=\"column\" data-e-type=\"column\">\n\t\t\t<div class=\"elementor-widget-wrap elementor-element-populated\">\n\t\t\t\t\t\t<div class=\"elementor-element elementor-element-f06c6fd elementor-widget elementor-widget-image\" data-id=\"f06c6fd\" data-element_type=\"widget\" data-e-type=\"widget\" data-widget_type=\"image.default\">\n\t\t\t\t<div class=\"elementor-widget-container\">\n\t\t\t\t\t\t\t\t\t\t\t\t\t\t\t<img fetchpriority=\"high\" decoding=\"async\" width=\"540\" height=\"384\" src=\"https:\/\/lewinywills.com\/wp-content\/uploads\/2020\/10\/lyw-sede-2.png\" class=\"attachment-large size-large wp-image-7042\" alt=\"Firma de abogados Lewin &amp; Wills\" srcset=\"https:\/\/lewinywills.com\/wp-content\/uploads\/2020\/10\/lyw-sede-2.png 540w, https:\/\/lewinywills.com\/wp-content\/uploads\/2020\/10\/lyw-sede-2-300x213.png 300w, https:\/\/lewinywills.com\/wp-content\/uploads\/2020\/10\/lyw-sede-2-16x12.png 16w, https:\/\/lewinywills.com\/wp-content\/uploads\/2020\/10\/lyw-sede-2-350x250.png 350w\" sizes=\"(max-width: 540px) 100vw, 540px\" \/>\t\t\t\t\t\t\t\t\t\t\t\t\t\t\t<\/div>\n\t\t\t\t<\/div>\n\t\t\t\t<div class=\"elementor-element elementor-element-892cf76 elementor-widget elementor-widget-elementskit-heading\" data-id=\"892cf76\" data-element_type=\"widget\" data-e-type=\"widget\" data-widget_type=\"elementskit-heading.default\">\n\t\t\t\t<div class=\"elementor-widget-container\">\n\t\t\t\t\t<div class=\"ekit-wid-con\" ><div class=\"ekit-heading elementskit-section-title-wraper text_left   ekit_heading_tablet-   ekit_heading_mobile-\">\t\t\t\t<div class='ekit-heading__description'>\n\t\t\t\t\t<p><span style=\"font-weight: 400\">Through our Corporate area we advise our national and international clients on matters related to commercial law of companies and businesses.<\/span><\/p>\n<p><span style=\"font-weight: 400\">For this reason, we provide services in the creation, transformation, reform, liquidation and in general, the management of corporate entities. We also support our clients in the preparation, review and structuring of commercial and civil contracts, including real estate, commercial and financial intermediation contracts, which allow the development of their operations.<\/span><\/p>\n<p><span style=\"font-weight: 400\">The area provides advice on the contractual aspects of mergers and acquisitions in which our clients intervene. Similarly, we provide legal advice on business structuring and project financing.<\/span><\/p>\n\t\t\t\t<\/div>\n\t\t\t<\/div><\/div>\t\t\t\t<\/div>\n\t\t\t\t<\/div>\n\t\t\t\t\t<\/div>\n\t\t<\/div>\n\t\t\t\t<div class=\"elementor-column elementor-col-33 elementor-inner-column elementor-element elementor-element-5feb955 elementor-invisible\" data-id=\"5feb955\" data-element_type=\"column\" data-e-type=\"column\" data-settings=\"{&quot;animation&quot;:&quot;fadeInUp&quot;}\">\n\t\t\t<div class=\"elementor-widget-wrap elementor-element-populated\">\n\t\t\t\t\t\t<div class=\"elementor-element elementor-element-1549717 elementor-widget elementor-widget-heading\" data-id=\"1549717\" data-element_type=\"widget\" data-e-type=\"widget\" data-widget_type=\"heading.default\">\n\t\t\t\t<div class=\"elementor-widget-container\">\n\t\t\t\t\t<h4 class=\"elementor-heading-title elementor-size-default\">Services briefcase<\/h4>\t\t\t\t<\/div>\n\t\t\t\t<\/div>\n\t\t\t\t<div class=\"elementor-element elementor-element-ede16f1 elementor-icon-list--layout-traditional elementor-list-item-link-full_width elementor-widget elementor-widget-icon-list\" data-id=\"ede16f1\" data-element_type=\"widget\" data-e-type=\"widget\" data-widget_type=\"icon-list.default\">\n\t\t\t\t<div class=\"elementor-widget-container\">\n\t\t\t\t\t\t\t<ul class=\"elementor-icon-list-items\">\n\t\t\t\t\t\t\t<li class=\"elementor-icon-list-item\">\n\t\t\t\t\t\t\t\t\t\t\t<span class=\"elementor-icon-list-icon\">\n\t\t\t\t\t\t\t<i aria-hidden=\"true\" class=\"icon icon-right-arrow1\"><\/i>\t\t\t\t\t\t<\/span>\n\t\t\t\t\t\t\t\t\t\t<span class=\"elementor-icon-list-text\">Corporate Financing, Debt Restructuring and Refinancing<\/span>\n\t\t\t\t\t\t\t\t\t<\/li>\n\t\t\t\t\t\t\t\t<li class=\"elementor-icon-list-item\">\n\t\t\t\t\t\t\t\t\t\t\t<span class=\"elementor-icon-list-icon\">\n\t\t\t\t\t\t\t<i aria-hidden=\"true\" class=\"icon icon-right-arrow1\"><\/i>\t\t\t\t\t\t<\/span>\n\t\t\t\t\t\t\t\t\t\t<span class=\"elementor-icon-list-text\">Infrastructure Projects<\/span>\n\t\t\t\t\t\t\t\t\t<\/li>\n\t\t\t\t\t\t\t\t<li class=\"elementor-icon-list-item\">\n\t\t\t\t\t\t\t\t\t\t\t<span class=\"elementor-icon-list-icon\">\n\t\t\t\t\t\t\t<i aria-hidden=\"true\" class=\"icon icon-right-arrow1\"><\/i>\t\t\t\t\t\t<\/span>\n\t\t\t\t\t\t\t\t\t\t<span class=\"elementor-icon-list-text\">Local and International Commercial Contracts<\/span>\n\t\t\t\t\t\t\t\t\t<\/li>\n\t\t\t\t\t\t\t\t<li class=\"elementor-icon-list-item\">\n\t\t\t\t\t\t\t\t\t\t\t<span class=\"elementor-icon-list-icon\">\n\t\t\t\t\t\t\t<i aria-hidden=\"true\" class=\"icon icon-right-arrow1\"><\/i>\t\t\t\t\t\t<\/span>\n\t\t\t\t\t\t\t\t\t\t<span class=\"elementor-icon-list-text\">Corporate Implementation of Tax Plans for Families and Companies<\/span>\n\t\t\t\t\t\t\t\t\t<\/li>\n\t\t\t\t\t\t\t\t<li class=\"elementor-icon-list-item\">\n\t\t\t\t\t\t\t\t\t\t\t<span class=\"elementor-icon-list-icon\">\n\t\t\t\t\t\t\t<i aria-hidden=\"true\" class=\"icon icon-right-arrow1\"><\/i>\t\t\t\t\t\t<\/span>\n\t\t\t\t\t\t\t\t\t\t<span class=\"elementor-icon-list-text\">Global Employee Option Plans<\/span>\n\t\t\t\t\t\t\t\t\t<\/li>\n\t\t\t\t\t\t\t\t<li class=\"elementor-icon-list-item\">\n\t\t\t\t\t\t\t\t\t\t\t<span class=\"elementor-icon-list-icon\">\n\t\t\t\t\t\t\t<i aria-hidden=\"true\" class=\"icon icon-right-arrow1\"><\/i>\t\t\t\t\t\t<\/span>\n\t\t\t\t\t\t\t\t\t\t<span class=\"elementor-icon-list-text\">Company Law<\/span>\n\t\t\t\t\t\t\t\t\t<\/li>\n\t\t\t\t\t\t\t\t<li class=\"elementor-icon-list-item\">\n\t\t\t\t\t\t\t\t\t\t\t<span class=\"elementor-icon-list-icon\">\n\t\t\t\t\t\t\t<i aria-hidden=\"true\" class=\"icon icon-right-arrow1\"><\/i>\t\t\t\t\t\t<\/span>\n\t\t\t\t\t\t\t\t\t\t<span class=\"elementor-icon-list-text\">Immigration Issues for Investors<\/span>\n\t\t\t\t\t\t\t\t\t<\/li>\n\t\t\t\t\t\t<\/ul>\n\t\t\t\t\t\t<\/div>\n\t\t\t\t<\/div>\n\t\t\t\t\t<\/div>\n\t\t<\/div>\n\t\t\t\t\t<\/div>\n\t\t<\/section>\n\t\t\t\t<section class=\"elementor-section elementor-inner-section elementor-element elementor-element-43dc90e elementor-section-boxed elementor-section-height-default elementor-section-height-default\" data-id=\"43dc90e\" data-element_type=\"section\" data-e-type=\"section\" data-settings=\"{&quot;background_background&quot;:&quot;classic&quot;}\">\n\t\t\t\t\t\t<div class=\"elementor-container elementor-column-gap-default\">\n\t\t\t\t\t<div class=\"elementor-column elementor-col-50 elementor-inner-column elementor-element elementor-element-6770047\" data-id=\"6770047\" data-element_type=\"column\" data-e-type=\"column\">\n\t\t\t<div class=\"elementor-widget-wrap elementor-element-populated\">\n\t\t\t\t\t\t<div class=\"elementor-element elementor-element-8cafc75 elementor-widget elementor-widget-heading\" data-id=\"8cafc75\" data-element_type=\"widget\" data-e-type=\"widget\" data-widget_type=\"heading.default\">\n\t\t\t\t<div class=\"elementor-widget-container\">\n\t\t\t\t\t<h4 class=\"elementor-heading-title elementor-size-default\">Related Members:<\/h4>\t\t\t\t<\/div>\n\t\t\t\t<\/div>\n\t\t\t\t\t<\/div>\n\t\t<\/div>\n\t\t\t\t<div class=\"elementor-column elementor-col-50 elementor-inner-column elementor-element elementor-element-a1e9b49\" data-id=\"a1e9b49\" data-element_type=\"column\" data-e-type=\"column\">\n\t\t\t<div class=\"elementor-widget-wrap elementor-element-populated\">\n\t\t\t\t\t\t<div class=\"elementor-element elementor-element-0260f32 elementor-arrows-position-outside elementor-pagination-position-outside elementor-widget elementor-widget-image-carousel\" data-id=\"0260f32\" data-element_type=\"widget\" data-e-type=\"widget\" data-settings=\"{&quot;autoplay&quot;:&quot;no&quot;,&quot;slides_to_show_tablet&quot;:&quot;2&quot;,&quot;slides_to_show_mobile&quot;:&quot;1&quot;,&quot;navigation&quot;:&quot;both&quot;,&quot;infinite&quot;:&quot;yes&quot;,&quot;speed&quot;:500}\" data-widget_type=\"image-carousel.default\">\n\t\t\t\t<div class=\"elementor-widget-container\">\n\t\t\t\t\t\t\t<div class=\"elementor-image-carousel-wrapper swiper\" role=\"region\" aria-roledescription=\"carousel\" aria-label=\"Carrusel de im\u00e1genes\" dir=\"ltr\">\n\t\t\t<div class=\"elementor-image-carousel swiper-wrapper\" aria-live=\"polite\">\n\t\t\t\t\t\t\t\t<div class=\"swiper-slide\" role=\"group\" aria-roledescription=\"slide\" aria-label=\"1 of 8\" data-no-translation-aria-label=\"\"><figure class=\"swiper-slide-inner\"><img decoding=\"async\" class=\"swiper-slide-image\" src=\"https:\/\/lewinywills.com\/wp-content\/uploads\/2023\/11\/diana-vaughan-150x150.jpg\" alt=\"Diana Vaughan\" \/><figcaption class=\"elementor-image-carousel-caption\"><a href=\"https:\/\/lewinywills.com\/en\/miembros\/diana-vaughan\/\">Diana Vaughan<\/a><\/figcaption><\/figure><\/div><div class=\"swiper-slide\" role=\"group\" aria-roledescription=\"slide\" aria-label=\"2 of 8\" data-no-translation-aria-label=\"\"><figure class=\"swiper-slide-inner\"><img decoding=\"async\" class=\"swiper-slide-image\" src=\"https:\/\/lewinywills.com\/wp-content\/uploads\/2024\/10\/Francisco-Gonzalez-150x150.jpg\" alt=\"Francisco Gonz\u00e1lez\" \/><figcaption class=\"elementor-image-carousel-caption\"><a href=\"https:\/\/lewinywills.com\/en\/miembros\/francisco-gonzalez\/\">Francisco Gonz\u00e1lez<\/a><\/figcaption><\/figure><\/div><div class=\"swiper-slide\" role=\"group\" aria-roledescription=\"slide\" aria-label=\"3 of 8\" data-no-translation-aria-label=\"\"><figure class=\"swiper-slide-inner\"><img decoding=\"async\" class=\"swiper-slide-image\" src=\"https:\/\/lewinywills.com\/wp-content\/uploads\/2024\/09\/Jimena-Marin-150x150.png\" alt=\"Jimena Mar\u00edn\" \/><figcaption class=\"elementor-image-carousel-caption\"><a href=\"https:\/\/lewinywills.com\/en\/miembros\/jimena-marin\/\">Jimena Mar\u00edn<\/a><\/figcaption><\/figure><\/div><div class=\"swiper-slide\" role=\"group\" aria-roledescription=\"slide\" aria-label=\"4 of 8\" data-no-translation-aria-label=\"\"><figure class=\"swiper-slide-inner\"><img decoding=\"async\" class=\"swiper-slide-image\" src=\"https:\/\/lewinywills.com\/wp-content\/uploads\/2025\/08\/IMG_9053-150x150.jpg\" alt=\"Mar\u00eda Jos\u00e9 Verano\" \/><figcaption class=\"elementor-image-carousel-caption\"><a href=\"https:\/\/lewinywills.com\/en\/miembros\/maria-jose-verano\/\">Mar\u00eda Jos\u00e9 Verano<\/a><\/figcaption><\/figure><\/div><div class=\"swiper-slide\" role=\"group\" aria-roledescription=\"slide\" aria-label=\"5 of 8\" data-no-translation-aria-label=\"\"><figure class=\"swiper-slide-inner\"><img decoding=\"async\" class=\"swiper-slide-image\" src=\"https:\/\/lewinywills.com\/wp-content\/uploads\/2025\/08\/IMG_8750-150x150.jpg\" alt=\"Manuela Restrepo P\u00e9rez\" \/><figcaption class=\"elementor-image-carousel-caption\"><a href=\"https:\/\/lewinywills.com\/en\/miembros\/manuela-restrepo-perez\/\">Manuela Restrepo P\u00e9rez<\/a><\/figcaption><\/figure><\/div><div class=\"swiper-slide\" role=\"group\" aria-roledescription=\"slide\" aria-label=\"6 of 8\" data-no-translation-aria-label=\"\"><figure class=\"swiper-slide-inner\"><img decoding=\"async\" class=\"swiper-slide-image\" src=\"https:\/\/lewinywills.com\/wp-content\/uploads\/2025\/08\/IMG_8783-150x150.jpg\" alt=\"Nicol\u00e1s G\u00e4rtner Caballero\" \/><figcaption class=\"elementor-image-carousel-caption\"><a href=\"https:\/\/lewinywills.com\/en\/miembros\/nicolas-gartner-caballero\/\">Nicol\u00e1s G\u00e4rtner Caballero<\/a><\/figcaption><\/figure><\/div><div class=\"swiper-slide\" role=\"group\" aria-roledescription=\"slide\" aria-label=\"7 of 8\" data-no-translation-aria-label=\"\"><figure class=\"swiper-slide-inner\"><img decoding=\"async\" class=\"swiper-slide-image\" src=\"https:\/\/lewinywills.com\/wp-content\/uploads\/2025\/08\/IMG_8603-150x150.jpg\" alt=\"Iv\u00e1n Jaramillo\" \/><figcaption class=\"elementor-image-carousel-caption\"><a href=\"https:\/\/lewinywills.com\/en\/miembros\/ivan-jaramillo\/\">Iv\u00e1n Jaramillo<\/a><\/figcaption><\/figure><\/div><div class=\"swiper-slide\" role=\"group\" aria-roledescription=\"slide\" aria-label=\"8 of 8\" data-no-translation-aria-label=\"\"><figure class=\"swiper-slide-inner\"><img decoding=\"async\" class=\"swiper-slide-image\" src=\"https:\/\/lewinywills.com\/wp-content\/uploads\/2025\/08\/IMG_8498-150x150.jpg\" alt=\"Natalia Matiz\" \/><figcaption class=\"elementor-image-carousel-caption\"><a href=\"https:\/\/lewinywills.com\/en\/miembros\/natalia-matiz\/\">Natalia Matiz<\/a><\/figcaption><\/figure><\/div>\t\t\t<\/div>\n\t\t\t\t\t\t\t\t\t\t\t\t<div class=\"elementor-swiper-button elementor-swiper-button-prev\" role=\"button\" tabindex=\"0\">\n\t\t\t\t\t\t<i aria-hidden=\"true\" class=\"eicon-chevron-left\"><\/i>\t\t\t\t\t<\/div>\n\t\t\t\t\t<div class=\"elementor-swiper-button elementor-swiper-button-next\" role=\"button\" tabindex=\"0\">\n\t\t\t\t\t\t<i aria-hidden=\"true\" class=\"eicon-chevron-right\"><\/i>\t\t\t\t\t<\/div>\n\t\t\t\t\n\t\t\t\t\t\t\t\t\t<div class=\"swiper-pagination\"><\/div>\n\t\t\t\t\t\t\t\t\t<\/div>\n\t\t\t\t\t\t<\/div>\n\t\t\t\t<\/div>\n\t\t\t\t\t<\/div>\n\t\t<\/div>\n\t\t\t\t\t<\/div>\n\t\t<\/section>\n\t\t\t\t\t<\/div>\n\t\t<\/div>\n\t\t\t\t\t<\/div>\n\t\t<\/section>\n\t\t\t\t<\/div>","protected":false},"excerpt":{"rendered":"<p>\u00c1rea de Corporativo A trav\u00e9s de nuestra \u00e1rea de Corporativo asesoramos a nuestros clientes nacionales e internacionales, en temas relacionados con el derecho comercial de empresas y negocios. Por ello prestamos servicios en la creaci\u00f3n, transformaci\u00f3n, reforma, liquidaci\u00f3n y en general, el manejo de entes societarios. Igualmente apoyamos a nuestros clientes en la elaboraci\u00f3n, revisi\u00f3n [&hellip;]<\/p>\n","protected":false},"author":11,"featured_media":0,"parent":2189,"menu_order":0,"comment_status":"closed","ping_status":"closed","template":"template\/full-width-template.php","meta":{"episode_type":"","audio_file":"","cover_image":"","cover_image_id":"","duration":"","filesize":"","filesize_raw":"","date_recorded":"","explicit":"","block":"","itunes_episode_number":"","itunes_title":"","itunes_season_number":"","itunes_episode_type":"","footnotes":""},"class_list":["post-8824","page","type-page","status-publish","hentry"],"yoast_head":"<!-- This site is optimized with the Yoast SEO plugin v27.0 - https:\/\/yoast.com\/product\/yoast-seo-wordpress\/ -->\n<title>Abogados expertos en Corporativo | Lewin y Wills<\/title>\n<meta name=\"description\" content=\"Nuestros abogados profesionales expertos en derecho corporativo tebrindar\u00e1n la mejorNuestros abogados profesionales expertos en derecho corporativo tebrindar\u00e1n la mejor consultor\u00eda, asesor\u00eda, gesti\u00f3n y representaci\u00f3n. \u00a1M\u00e1s de 40 a\u00f1os de experiencia!\" \/>\n<meta name=\"robots\" content=\"index, follow, max-snippet:-1, max-image-preview:large, max-video-preview:-1\" \/>\n<link rel=\"canonical\" href=\"https:\/\/lewinywills.com\/en\/miembros\/corporativo\/\" \/>\n<meta property=\"og:locale\" content=\"en_US\" \/>\n<meta property=\"og:type\" content=\"article\" \/>\n<meta property=\"og:title\" content=\"Abogados expertos en Corporativo | Lewin y Wills\" \/>\n<meta property=\"og:description\" content=\"Nuestros abogados profesionales expertos en derecho corporativo tebrindar\u00e1n la mejorNuestros abogados profesionales expertos en derecho corporativo tebrindar\u00e1n la mejor consultor\u00eda, asesor\u00eda, gesti\u00f3n y representaci\u00f3n. \u00a1M\u00e1s de 40 a\u00f1os de experiencia!\" \/>\n<meta property=\"og:url\" content=\"https:\/\/lewinywills.com\/en\/miembros\/corporativo\/\" \/>\n<meta property=\"og:site_name\" content=\"Lewin &amp; Wills\" \/>\n<meta property=\"article:modified_time\" content=\"2025-10-10T01:07:31+00:00\" \/>\n<meta property=\"og:image\" content=\"https:\/\/lewinywills.com\/wp-content\/uploads\/2020\/10\/lyw-sede-2.png\" \/>\n<meta name=\"twitter:card\" content=\"summary_large_image\" \/>\n<meta name=\"twitter:site\" content=\"@LewinWills\" \/>\n<meta name=\"twitter:label1\" content=\"Est. reading time\" \/>\n\t<meta name=\"twitter:data1\" content=\"4 minutes\" \/>\n<script type=\"application\/ld+json\" class=\"yoast-schema-graph\">{\"@context\":\"https:\/\/schema.org\",\"@graph\":[{\"@type\":\"WebPage\",\"@id\":\"https:\/\/lewinywills.com\/miembros\/corporativo\/\",\"url\":\"https:\/\/lewinywills.com\/miembros\/corporativo\/\",\"name\":\"Abogados expertos en Corporativo | Lewin y Wills\",\"isPartOf\":{\"@id\":\"https:\/\/lewinywills.com\/#website\"},\"primaryImageOfPage\":{\"@id\":\"https:\/\/lewinywills.com\/miembros\/corporativo\/#primaryimage\"},\"image\":{\"@id\":\"https:\/\/lewinywills.com\/miembros\/corporativo\/#primaryimage\"},\"thumbnailUrl\":\"https:\/\/lewinywills.com\/wp-content\/uploads\/2020\/10\/lyw-sede-2.png\",\"datePublished\":\"2021-09-19T03:58:22+00:00\",\"dateModified\":\"2025-10-10T01:07:31+00:00\",\"description\":\"Nuestros abogados profesionales expertos en derecho corporativo tebrindar\u00e1n la mejorNuestros abogados profesionales expertos en derecho corporativo tebrindar\u00e1n la mejor consultor\u00eda, asesor\u00eda, gesti\u00f3n y representaci\u00f3n. \u00a1M\u00e1s de 40 a\u00f1os de experiencia!\",\"breadcrumb\":{\"@id\":\"https:\/\/lewinywills.com\/miembros\/corporativo\/#breadcrumb\"},\"inLanguage\":\"en-US\",\"potentialAction\":[{\"@type\":\"ReadAction\",\"target\":[\"https:\/\/lewinywills.com\/miembros\/corporativo\/\"]}]},{\"@type\":\"ImageObject\",\"inLanguage\":\"en-US\",\"@id\":\"https:\/\/lewinywills.com\/miembros\/corporativo\/#primaryimage\",\"url\":\"https:\/\/lewinywills.com\/wp-content\/uploads\/2020\/10\/lyw-sede-2.png\",\"contentUrl\":\"https:\/\/lewinywills.com\/wp-content\/uploads\/2020\/10\/lyw-sede-2.png\"},{\"@type\":\"BreadcrumbList\",\"@id\":\"https:\/\/lewinywills.com\/miembros\/corporativo\/#breadcrumb\",\"itemListElement\":[{\"@type\":\"ListItem\",\"position\":1,\"name\":\"Inicio\",\"item\":\"https:\/\/lewinywills.com\/\"},{\"@type\":\"ListItem\",\"position\":2,\"name\":\"Miembros\",\"item\":\"https:\/\/lewinywills.com\/miembros\/\"},{\"@type\":\"ListItem\",\"position\":3,\"name\":\"Corporativo\"}]},{\"@type\":\"WebSite\",\"@id\":\"https:\/\/lewinywills.com\/#website\",\"url\":\"https:\/\/lewinywills.com\/\",\"name\":\"Lewin &amp; Wills\",\"description\":\"Firma de abogados | Especialidades | Lewin y Wills\",\"potentialAction\":[{\"@type\":\"SearchAction\",\"target\":{\"@type\":\"EntryPoint\",\"urlTemplate\":\"https:\/\/lewinywills.com\/?s={search_term_string}\"},\"query-input\":{\"@type\":\"PropertyValueSpecification\",\"valueRequired\":true,\"valueName\":\"search_term_string\"}}],\"inLanguage\":\"en-US\"}]}<\/script>\n<!-- \/ Yoast SEO plugin. -->","yoast_head_json":{"title":"Abogados expertos en Corporativo | Lewin y Wills","description":"Nuestros abogados profesionales expertos en derecho corporativo tebrindar\u00e1n la mejorNuestros abogados profesionales expertos en derecho corporativo tebrindar\u00e1n la mejor consultor\u00eda, asesor\u00eda, gesti\u00f3n y representaci\u00f3n. \u00a1M\u00e1s de 40 a\u00f1os de experiencia!","robots":{"index":"index","follow":"follow","max-snippet":"max-snippet:-1","max-image-preview":"max-image-preview:large","max-video-preview":"max-video-preview:-1"},"canonical":"https:\/\/lewinywills.com\/en\/miembros\/corporativo\/","og_locale":"en_US","og_type":"article","og_title":"Abogados expertos en Corporativo | Lewin y Wills","og_description":"Nuestros abogados profesionales expertos en derecho corporativo tebrindar\u00e1n la mejorNuestros abogados profesionales expertos en derecho corporativo tebrindar\u00e1n la mejor consultor\u00eda, asesor\u00eda, gesti\u00f3n y representaci\u00f3n. \u00a1M\u00e1s de 40 a\u00f1os de experiencia!","og_url":"https:\/\/lewinywills.com\/en\/miembros\/corporativo\/","og_site_name":"Lewin &amp; Wills","article_modified_time":"2025-10-10T01:07:31+00:00","og_image":[{"url":"https:\/\/lewinywills.com\/wp-content\/uploads\/2020\/10\/lyw-sede-2.png","type":"","width":"","height":""}],"twitter_card":"summary_large_image","twitter_site":"@LewinWills","twitter_misc":{"Est. reading time":"4 minutes"},"schema":{"@context":"https:\/\/schema.org","@graph":[{"@type":"WebPage","@id":"https:\/\/lewinywills.com\/miembros\/corporativo\/","url":"https:\/\/lewinywills.com\/miembros\/corporativo\/","name":"Abogados expertos en Corporativo | Lewin y Wills","isPartOf":{"@id":"https:\/\/lewinywills.com\/#website"},"primaryImageOfPage":{"@id":"https:\/\/lewinywills.com\/miembros\/corporativo\/#primaryimage"},"image":{"@id":"https:\/\/lewinywills.com\/miembros\/corporativo\/#primaryimage"},"thumbnailUrl":"https:\/\/lewinywills.com\/wp-content\/uploads\/2020\/10\/lyw-sede-2.png","datePublished":"2021-09-19T03:58:22+00:00","dateModified":"2025-10-10T01:07:31+00:00","description":"Nuestros abogados profesionales expertos en derecho corporativo tebrindar\u00e1n la mejorNuestros abogados profesionales expertos en derecho corporativo tebrindar\u00e1n la mejor consultor\u00eda, asesor\u00eda, gesti\u00f3n y representaci\u00f3n. \u00a1M\u00e1s de 40 a\u00f1os de experiencia!","breadcrumb":{"@id":"https:\/\/lewinywills.com\/miembros\/corporativo\/#breadcrumb"},"inLanguage":"en-US","potentialAction":[{"@type":"ReadAction","target":["https:\/\/lewinywills.com\/miembros\/corporativo\/"]}]},{"@type":"ImageObject","inLanguage":"en-US","@id":"https:\/\/lewinywills.com\/miembros\/corporativo\/#primaryimage","url":"https:\/\/lewinywills.com\/wp-content\/uploads\/2020\/10\/lyw-sede-2.png","contentUrl":"https:\/\/lewinywills.com\/wp-content\/uploads\/2020\/10\/lyw-sede-2.png"},{"@type":"BreadcrumbList","@id":"https:\/\/lewinywills.com\/miembros\/corporativo\/#breadcrumb","itemListElement":[{"@type":"ListItem","position":1,"name":"Inicio","item":"https:\/\/lewinywills.com\/"},{"@type":"ListItem","position":2,"name":"Miembros","item":"https:\/\/lewinywills.com\/miembros\/"},{"@type":"ListItem","position":3,"name":"Corporativo"}]},{"@type":"WebSite","@id":"https:\/\/lewinywills.com\/#website","url":"https:\/\/lewinywills.com\/","name":"Lewin &amp; Wills","description":"Firma de abogados | Especialidades | Lewin y Wills","potentialAction":[{"@type":"SearchAction","target":{"@type":"EntryPoint","urlTemplate":"https:\/\/lewinywills.com\/?s={search_term_string}"},"query-input":{"@type":"PropertyValueSpecification","valueRequired":true,"valueName":"search_term_string"}}],"inLanguage":"en-US"}]}},"_links":{"self":[{"href":"https:\/\/lewinywills.com\/en\/wp-json\/wp\/v2\/pages\/8824","targetHints":{"allow":["GET"]}}],"collection":[{"href":"https:\/\/lewinywills.com\/en\/wp-json\/wp\/v2\/pages"}],"about":[{"href":"https:\/\/lewinywills.com\/en\/wp-json\/wp\/v2\/types\/page"}],"author":[{"embeddable":true,"href":"https:\/\/lewinywills.com\/en\/wp-json\/wp\/v2\/users\/11"}],"replies":[{"embeddable":true,"href":"https:\/\/lewinywills.com\/en\/wp-json\/wp\/v2\/comments?post=8824"}],"version-history":[{"count":64,"href":"https:\/\/lewinywills.com\/en\/wp-json\/wp\/v2\/pages\/8824\/revisions"}],"predecessor-version":[{"id":11337,"href":"https:\/\/lewinywills.com\/en\/wp-json\/wp\/v2\/pages\/8824\/revisions\/11337"}],"up":[{"embeddable":true,"href":"https:\/\/lewinywills.com\/en\/wp-json\/wp\/v2\/pages\/2189"}],"wp:attachment":[{"href":"https:\/\/lewinywills.com\/en\/wp-json\/wp\/v2\/media?parent=8824"}],"curies":[{"name":"wp","href":"https:\/\/api.w.org\/{rel}","templated":true}]}}