{"id":8823,"date":"2021-09-18T22:57:43","date_gmt":"2021-09-19T03:57:43","guid":{"rendered":"https:\/\/lewinywills.com\/?page_id=8823"},"modified":"2025-10-09T20:06:12","modified_gmt":"2025-10-10T01:06:12","slug":"fusiones-y-adquisiciones","status":"publish","type":"page","link":"https:\/\/lewinywills.com\/en\/miembros\/fusiones-y-adquisiciones\/","title":{"rendered":"M&amp;A"},"content":{"rendered":"<div data-elementor-type=\"wp-post\" data-elementor-id=\"8823\" class=\"elementor elementor-8823\">\n\t\t\t\t\t\t<section class=\"elementor-section elementor-top-section elementor-element elementor-element-a50f44a elementor-section-boxed elementor-section-height-default elementor-section-height-default elementor-invisible\" data-id=\"a50f44a\" data-element_type=\"section\" data-e-type=\"section\" id=\"fusiones-y-adquisiciones\" data-settings=\"{&quot;background_background&quot;:&quot;classic&quot;,&quot;animation&quot;:&quot;fadeInUp&quot;}\">\n\t\t\t\t\t\t\t<div class=\"elementor-background-overlay\"><\/div>\n\t\t\t\t\t\t\t<div class=\"elementor-container elementor-column-gap-default\">\n\t\t\t\t\t<div class=\"elementor-column elementor-col-100 elementor-top-column elementor-element elementor-element-6633b4a\" data-id=\"6633b4a\" data-element_type=\"column\" data-e-type=\"column\">\n\t\t\t<div class=\"elementor-widget-wrap elementor-element-populated\">\n\t\t\t\t\t\t<div class=\"elementor-element elementor-element-3138d92 elementor-widget elementor-widget-elementskit-heading\" data-id=\"3138d92\" data-element_type=\"widget\" data-e-type=\"widget\" data-widget_type=\"elementskit-heading.default\">\n\t\t\t\t<div class=\"elementor-widget-container\">\n\t\t\t\t\t<div class=\"ekit-wid-con\" ><div class=\"ekit-heading elementskit-section-title-wraper text_center   ekit_heading_tablet-   ekit_heading_mobile-\"><h2 class=\"ekit-heading--title elementskit-section-title\">M&amp;A<\/h2><\/div><\/div>\t\t\t\t<\/div>\n\t\t\t\t<\/div>\n\t\t\t\t<section class=\"elementor-section elementor-inner-section elementor-element elementor-element-8c7d211 elementor-section-boxed elementor-section-height-default elementor-section-height-default\" data-id=\"8c7d211\" data-element_type=\"section\" data-e-type=\"section\">\n\t\t\t\t\t\t<div class=\"elementor-container elementor-column-gap-default\">\n\t\t\t\t\t<div class=\"elementor-column elementor-col-66 elementor-inner-column elementor-element elementor-element-52ccfc1\" data-id=\"52ccfc1\" data-element_type=\"column\" data-e-type=\"column\">\n\t\t\t<div class=\"elementor-widget-wrap elementor-element-populated\">\n\t\t\t\t\t\t<div class=\"elementor-element elementor-element-52d18c0 elementor-widget elementor-widget-image\" data-id=\"52d18c0\" data-element_type=\"widget\" data-e-type=\"widget\" data-widget_type=\"image.default\">\n\t\t\t\t<div class=\"elementor-widget-container\">\n\t\t\t\t\t\t\t\t\t\t\t\t\t\t\t<img fetchpriority=\"high\" decoding=\"async\" width=\"540\" height=\"384\" src=\"https:\/\/lewinywills.com\/wp-content\/uploads\/2020\/08\/1-EDIT.jpg\" class=\"attachment-large size-large wp-image-5981\" alt=\"Firma de abogados Lewin &amp; Wills\" srcset=\"https:\/\/lewinywills.com\/wp-content\/uploads\/2020\/08\/1-EDIT.jpg 540w, https:\/\/lewinywills.com\/wp-content\/uploads\/2020\/08\/1-EDIT-350x250.jpg 350w, https:\/\/lewinywills.com\/wp-content\/uploads\/2020\/08\/1-EDIT-300x213.jpg 300w\" sizes=\"(max-width: 540px) 100vw, 540px\" \/>\t\t\t\t\t\t\t\t\t\t\t\t\t\t\t<\/div>\n\t\t\t\t<\/div>\n\t\t\t\t<div class=\"elementor-element elementor-element-40f1f38 elementor-widget elementor-widget-elementskit-heading\" data-id=\"40f1f38\" data-element_type=\"widget\" data-e-type=\"widget\" data-widget_type=\"elementskit-heading.default\">\n\t\t\t\t<div class=\"elementor-widget-container\">\n\t\t\t\t\t<div class=\"ekit-wid-con\" ><div class=\"ekit-heading elementskit-section-title-wraper text_left   ekit_heading_tablet-   ekit_heading_mobile-\">\t\t\t\t<div class='ekit-heading__description'>\n\t\t\t\t\t<p><span style=\"font-weight: 400\">The Mergers and Acquisitions practice area of \u200b\u200bLewin &amp; Wills is distinguished by providing advice on the matter with a rigorous analysis from the tax and foreign exchange point of view, when applicable, in order to create added value for our clients.\u00a0<\/span><\/p>\n<p><span style=\"font-weight: 400\">We promote constant and strategic accompaniment in investment operations in companies, mergers and acquisitions, integration, sales, spin-offs and business reorganizations, in order to consolidate transactions with a high level of efficiency for our clients.<\/span><\/p>\n<p><span style=\"font-weight: 400\">National or foreign investors are beneficiaries of our services regarding their businesses in Colombia or abroad. In the structuring and planning, pre-contractual and definitive phases.<\/span><\/p>\n\t\t\t\t<\/div>\n\t\t\t<\/div><\/div>\t\t\t\t<\/div>\n\t\t\t\t<\/div>\n\t\t\t\t\t<\/div>\n\t\t<\/div>\n\t\t\t\t<div class=\"elementor-column elementor-col-33 elementor-inner-column elementor-element elementor-element-b63520d\" data-id=\"b63520d\" data-element_type=\"column\" data-e-type=\"column\">\n\t\t\t<div class=\"elementor-widget-wrap elementor-element-populated\">\n\t\t\t\t\t\t<div class=\"elementor-element elementor-element-2873465 elementor-widget elementor-widget-heading\" data-id=\"2873465\" data-element_type=\"widget\" data-e-type=\"widget\" data-widget_type=\"heading.default\">\n\t\t\t\t<div class=\"elementor-widget-container\">\n\t\t\t\t\t<h4 class=\"elementor-heading-title elementor-size-default\">Services briefcase<\/h4>\t\t\t\t<\/div>\n\t\t\t\t<\/div>\n\t\t\t\t<div class=\"elementor-element elementor-element-c168d01 elementor-icon-list--layout-traditional elementor-list-item-link-full_width elementor-widget elementor-widget-icon-list\" data-id=\"c168d01\" data-element_type=\"widget\" data-e-type=\"widget\" data-widget_type=\"icon-list.default\">\n\t\t\t\t<div class=\"elementor-widget-container\">\n\t\t\t\t\t\t\t<ul class=\"elementor-icon-list-items\">\n\t\t\t\t\t\t\t<li class=\"elementor-icon-list-item\">\n\t\t\t\t\t\t\t\t\t\t\t<span class=\"elementor-icon-list-icon\">\n\t\t\t\t\t\t\t<i aria-hidden=\"true\" class=\"icon icon-right-arrow1\"><\/i>\t\t\t\t\t\t<\/span>\n\t\t\t\t\t\t\t\t\t\t<span class=\"elementor-icon-list-text\">Structuring and Planning of Investment Operations or Investment Liquidation<\/span>\n\t\t\t\t\t\t\t\t\t<\/li>\n\t\t\t\t\t\t\t\t<li class=\"elementor-icon-list-item\">\n\t\t\t\t\t\t\t\t\t\t\t<span class=\"elementor-icon-list-icon\">\n\t\t\t\t\t\t\t<i aria-hidden=\"true\" class=\"icon icon-right-arrow1\"><\/i>\t\t\t\t\t\t<\/span>\n\t\t\t\t\t\t\t\t\t\t<span class=\"elementor-icon-list-text\">Local and International Mergers and Acquisitions<\/span>\n\t\t\t\t\t\t\t\t\t<\/li>\n\t\t\t\t\t\t\t\t<li class=\"elementor-icon-list-item\">\n\t\t\t\t\t\t\t\t\t\t\t<span class=\"elementor-icon-list-icon\">\n\t\t\t\t\t\t\t<i aria-hidden=\"true\" class=\"icon icon-right-arrow1\"><\/i>\t\t\t\t\t\t<\/span>\n\t\t\t\t\t\t\t\t\t\t<span class=\"elementor-icon-list-text\">Advice on Asset Transfers, Including Operations with Real Estate and Intangibles<\/span>\n\t\t\t\t\t\t\t\t\t<\/li>\n\t\t\t\t\t\t\t\t<li class=\"elementor-icon-list-item\">\n\t\t\t\t\t\t\t\t\t\t\t<span class=\"elementor-icon-list-icon\">\n\t\t\t\t\t\t\t<i aria-hidden=\"true\" class=\"icon icon-right-arrow1\"><\/i>\t\t\t\t\t\t<\/span>\n\t\t\t\t\t\t\t\t\t\t<span class=\"elementor-icon-list-text\">Investment Agreements in Companies<\/span>\n\t\t\t\t\t\t\t\t\t<\/li>\n\t\t\t\t\t\t\t\t<li class=\"elementor-icon-list-item\">\n\t\t\t\t\t\t\t\t\t\t\t<span class=\"elementor-icon-list-icon\">\n\t\t\t\t\t\t\t<i aria-hidden=\"true\" class=\"icon icon-right-arrow1\"><\/i>\t\t\t\t\t\t<\/span>\n\t\t\t\t\t\t\t\t\t\t<span class=\"elementor-icon-list-text\">Privatizations <\/span>\n\t\t\t\t\t\t\t\t\t<\/li>\n\t\t\t\t\t\t\t\t<li class=\"elementor-icon-list-item\">\n\t\t\t\t\t\t\t\t\t\t\t<span class=\"elementor-icon-list-icon\">\n\t\t\t\t\t\t\t<i aria-hidden=\"true\" class=\"icon icon-right-arrow1\"><\/i>\t\t\t\t\t\t<\/span>\n\t\t\t\t\t\t\t\t\t\t<span class=\"elementor-icon-list-text\">Spin-offs and Reorganizations<\/span>\n\t\t\t\t\t\t\t\t\t<\/li>\n\t\t\t\t\t\t\t\t<li class=\"elementor-icon-list-item\">\n\t\t\t\t\t\t\t\t\t\t\t<span class=\"elementor-icon-list-icon\">\n\t\t\t\t\t\t\t<i aria-hidden=\"true\" class=\"icon icon-right-arrow1\"><\/i>\t\t\t\t\t\t<\/span>\n\t\t\t\t\t\t\t\t\t\t<span class=\"elementor-icon-list-text\">Due Diligence Processes<\/span>\n\t\t\t\t\t\t\t\t\t<\/li>\n\t\t\t\t\t\t\t\t<li class=\"elementor-icon-list-item\">\n\t\t\t\t\t\t\t\t\t\t\t<span class=\"elementor-icon-list-icon\">\n\t\t\t\t\t\t\t<i aria-hidden=\"true\" class=\"icon icon-right-arrow1\"><\/i>\t\t\t\t\t\t<\/span>\n\t\t\t\t\t\t\t\t\t\t<span class=\"elementor-icon-list-text\">Shareholders' Agreements and other Corporate Governance Agreements<\/span>\n\t\t\t\t\t\t\t\t\t<\/li>\n\t\t\t\t\t\t\t\t<li class=\"elementor-icon-list-item\">\n\t\t\t\t\t\t\t\t\t\t\t<span class=\"elementor-icon-list-icon\">\n\t\t\t\t\t\t\t<i aria-hidden=\"true\" class=\"icon icon-right-arrow1\"><\/i>\t\t\t\t\t\t<\/span>\n\t\t\t\t\t\t\t\t\t\t<span class=\"elementor-icon-list-text\">Joint Ventures<\/span>\n\t\t\t\t\t\t\t\t\t<\/li>\n\t\t\t\t\t\t<\/ul>\n\t\t\t\t\t\t<\/div>\n\t\t\t\t<\/div>\n\t\t\t\t\t<\/div>\n\t\t<\/div>\n\t\t\t\t\t<\/div>\n\t\t<\/section>\n\t\t\t\t<section class=\"elementor-section elementor-inner-section elementor-element elementor-element-3768a52 elementor-section-boxed elementor-section-height-default elementor-section-height-default\" data-id=\"3768a52\" data-element_type=\"section\" data-e-type=\"section\" data-settings=\"{&quot;background_background&quot;:&quot;classic&quot;}\">\n\t\t\t\t\t\t<div class=\"elementor-container elementor-column-gap-default\">\n\t\t\t\t\t<div class=\"elementor-column elementor-col-50 elementor-inner-column elementor-element elementor-element-b6bf7c6\" data-id=\"b6bf7c6\" data-element_type=\"column\" data-e-type=\"column\">\n\t\t\t<div class=\"elementor-widget-wrap elementor-element-populated\">\n\t\t\t\t\t\t<div class=\"elementor-element elementor-element-cfe6e09 elementor-widget elementor-widget-heading\" data-id=\"cfe6e09\" data-element_type=\"widget\" data-e-type=\"widget\" data-widget_type=\"heading.default\">\n\t\t\t\t<div class=\"elementor-widget-container\">\n\t\t\t\t\t<h4 class=\"elementor-heading-title elementor-size-default\">Related Members:<\/h4>\t\t\t\t<\/div>\n\t\t\t\t<\/div>\n\t\t\t\t\t<\/div>\n\t\t<\/div>\n\t\t\t\t<div class=\"elementor-column elementor-col-50 elementor-inner-column elementor-element elementor-element-faacc30\" data-id=\"faacc30\" data-element_type=\"column\" data-e-type=\"column\">\n\t\t\t<div class=\"elementor-widget-wrap elementor-element-populated\">\n\t\t\t\t\t\t<div class=\"elementor-element elementor-element-f054c23 elementor-arrows-position-outside elementor-pagination-position-outside elementor-widget elementor-widget-image-carousel\" data-id=\"f054c23\" data-element_type=\"widget\" data-e-type=\"widget\" data-settings=\"{&quot;autoplay&quot;:&quot;no&quot;,&quot;slides_to_show_tablet&quot;:&quot;2&quot;,&quot;slides_to_show_mobile&quot;:&quot;1&quot;,&quot;slides_to_show&quot;:&quot;3&quot;,&quot;slides_to_scroll&quot;:&quot;3&quot;,&quot;navigation&quot;:&quot;both&quot;,&quot;infinite&quot;:&quot;yes&quot;,&quot;speed&quot;:500}\" data-widget_type=\"image-carousel.default\">\n\t\t\t\t<div class=\"elementor-widget-container\">\n\t\t\t\t\t\t\t<div class=\"elementor-image-carousel-wrapper swiper\" role=\"region\" aria-roledescription=\"carousel\" aria-label=\"Carrusel de im\u00e1genes\" dir=\"ltr\">\n\t\t\t<div class=\"elementor-image-carousel swiper-wrapper\" aria-live=\"polite\">\n\t\t\t\t\t\t\t\t<div class=\"swiper-slide\" role=\"group\" aria-roledescription=\"slide\" aria-label=\"1 of 3\" data-no-translation-aria-label=\"\"><figure class=\"swiper-slide-inner\"><img decoding=\"async\" class=\"swiper-slide-image\" src=\"https:\/\/lewinywills.com\/wp-content\/uploads\/2023\/11\/diana-vaughan-150x150.jpg\" alt=\"Diana Vaughan\" \/><figcaption class=\"elementor-image-carousel-caption\"><a href=\"https:\/\/lewinywills.com\/en\/miembros\/diana-vaughan\/\">Diana Vaughan<\/a><\/figcaption><\/figure><\/div><div class=\"swiper-slide\" role=\"group\" aria-roledescription=\"slide\" aria-label=\"2 of 3\" data-no-translation-aria-label=\"\"><figure class=\"swiper-slide-inner\"><img decoding=\"async\" class=\"swiper-slide-image\" src=\"https:\/\/lewinywills.com\/wp-content\/uploads\/2024\/10\/Francisco-Gonzalez-150x150.jpg\" alt=\"Francisco Gonz\u00e1lez\" \/><figcaption class=\"elementor-image-carousel-caption\"><a href=\"https:\/\/lewinywills.com\/en\/miembros\/francisco-gonzalez\/\">Francisco Gonz\u00e1lez<\/a><\/figcaption><\/figure><\/div><div class=\"swiper-slide\" role=\"group\" aria-roledescription=\"slide\" aria-label=\"3 of 3\" data-no-translation-aria-label=\"\"><figure class=\"swiper-slide-inner\"><img decoding=\"async\" class=\"swiper-slide-image\" src=\"https:\/\/lewinywills.com\/wp-content\/uploads\/2024\/09\/Jimena-Marin-150x150.png\" alt=\"Jimena Mar\u00edn\" \/><figcaption class=\"elementor-image-carousel-caption\"><a href=\"https:\/\/lewinywills.com\/en\/miembros\/jimena-marin\/\">Jimena Mar\u00edn<\/a><\/figcaption><\/figure><\/div>\t\t\t<\/div>\n\t\t\t\t\t\t\t\t\t\t\t\t<div class=\"elementor-swiper-button elementor-swiper-button-prev\" role=\"button\" tabindex=\"0\">\n\t\t\t\t\t\t<i aria-hidden=\"true\" class=\"eicon-chevron-left\"><\/i>\t\t\t\t\t<\/div>\n\t\t\t\t\t<div class=\"elementor-swiper-button elementor-swiper-button-next\" role=\"button\" tabindex=\"0\">\n\t\t\t\t\t\t<i aria-hidden=\"true\" class=\"eicon-chevron-right\"><\/i>\t\t\t\t\t<\/div>\n\t\t\t\t\n\t\t\t\t\t\t\t\t\t<div class=\"swiper-pagination\"><\/div>\n\t\t\t\t\t\t\t\t\t<\/div>\n\t\t\t\t\t\t<\/div>\n\t\t\t\t<\/div>\n\t\t\t\t\t<\/div>\n\t\t<\/div>\n\t\t\t\t\t<\/div>\n\t\t<\/section>\n\t\t\t\t\t<\/div>\n\t\t<\/div>\n\t\t\t\t\t<\/div>\n\t\t<\/section>\n\t\t\t\t<\/div>","protected":false},"excerpt":{"rendered":"<p>Fusiones y Adquisiciones El \u00e1rea de Fusiones y Adquisiciones de Lewin &amp; Wills se distingue por prestar la asesor\u00eda en la materia con un an\u00e1lisis riguroso desde el punto de vista tributario y cambiario cuando resulta aplicable, con el fin de crear un valor agregado para sus clientes.\u00a0 Promovemos un acompa\u00f1amiento constante y estrat\u00e9gico en [&hellip;]<\/p>\n","protected":false},"author":11,"featured_media":0,"parent":2189,"menu_order":0,"comment_status":"closed","ping_status":"closed","template":"template\/full-width-template.php","meta":{"episode_type":"","audio_file":"","cover_image":"","cover_image_id":"","duration":"","filesize":"","filesize_raw":"","date_recorded":"","explicit":"","block":"","itunes_episode_number":"","itunes_title":"","itunes_season_number":"","itunes_episode_type":"","footnotes":""},"class_list":["post-8823","page","type-page","status-publish","hentry"],"yoast_head":"<!-- This site is optimized with the Yoast SEO plugin v27.0 - https:\/\/yoast.com\/product\/yoast-seo-wordpress\/ -->\n<title>Abogados expertos en fusiones y adquisiciones | Lewin y Wills<\/title>\n<meta name=\"description\" content=\"Nuestros abogados profesionales expertos en fusiones yadquisiciones te brindar\u00e1n la mejor consultor\u00eda, asesor\u00eda, gesti\u00f3n y representaci\u00f3n. \u00a1M\u00e1sde 40 a\u00f1os de experiencia!\" \/>\n<meta name=\"robots\" content=\"index, follow, max-snippet:-1, max-image-preview:large, max-video-preview:-1\" \/>\n<link rel=\"canonical\" href=\"https:\/\/lewinywills.com\/en\/miembros\/fusiones-y-adquisiciones\/\" \/>\n<meta property=\"og:locale\" content=\"en_US\" \/>\n<meta property=\"og:type\" content=\"article\" \/>\n<meta property=\"og:title\" content=\"Abogados expertos en fusiones y adquisiciones | Lewin y Wills\" \/>\n<meta property=\"og:description\" content=\"Nuestros abogados profesionales expertos en fusiones yadquisiciones te brindar\u00e1n la mejor consultor\u00eda, asesor\u00eda, gesti\u00f3n y representaci\u00f3n. \u00a1M\u00e1sde 40 a\u00f1os de experiencia!\" \/>\n<meta property=\"og:url\" content=\"https:\/\/lewinywills.com\/en\/miembros\/fusiones-y-adquisiciones\/\" \/>\n<meta property=\"og:site_name\" content=\"Lewin &amp; Wills\" \/>\n<meta property=\"article:modified_time\" content=\"2025-10-10T01:06:12+00:00\" \/>\n<meta property=\"og:image\" content=\"https:\/\/lewinywills.com\/wp-content\/uploads\/2020\/08\/1-EDIT.jpg\" \/>\n<meta name=\"twitter:card\" content=\"summary_large_image\" \/>\n<meta name=\"twitter:site\" content=\"@LewinWills\" \/>\n<meta name=\"twitter:label1\" content=\"Est. reading time\" \/>\n\t<meta name=\"twitter:data1\" content=\"3 minutes\" \/>\n<script type=\"application\/ld+json\" class=\"yoast-schema-graph\">{\"@context\":\"https:\/\/schema.org\",\"@graph\":[{\"@type\":\"WebPage\",\"@id\":\"https:\/\/lewinywills.com\/miembros\/fusiones-y-adquisiciones\/\",\"url\":\"https:\/\/lewinywills.com\/miembros\/fusiones-y-adquisiciones\/\",\"name\":\"Abogados expertos en fusiones y adquisiciones | Lewin y Wills\",\"isPartOf\":{\"@id\":\"https:\/\/lewinywills.com\/#website\"},\"primaryImageOfPage\":{\"@id\":\"https:\/\/lewinywills.com\/miembros\/fusiones-y-adquisiciones\/#primaryimage\"},\"image\":{\"@id\":\"https:\/\/lewinywills.com\/miembros\/fusiones-y-adquisiciones\/#primaryimage\"},\"thumbnailUrl\":\"https:\/\/lewinywills.com\/wp-content\/uploads\/2020\/08\/1-EDIT.jpg\",\"datePublished\":\"2021-09-19T03:57:43+00:00\",\"dateModified\":\"2025-10-10T01:06:12+00:00\",\"description\":\"Nuestros abogados profesionales expertos en fusiones yadquisiciones te brindar\u00e1n la mejor consultor\u00eda, asesor\u00eda, gesti\u00f3n y representaci\u00f3n. \u00a1M\u00e1sde 40 a\u00f1os de experiencia!\",\"breadcrumb\":{\"@id\":\"https:\/\/lewinywills.com\/miembros\/fusiones-y-adquisiciones\/#breadcrumb\"},\"inLanguage\":\"en-US\",\"potentialAction\":[{\"@type\":\"ReadAction\",\"target\":[\"https:\/\/lewinywills.com\/miembros\/fusiones-y-adquisiciones\/\"]}]},{\"@type\":\"ImageObject\",\"inLanguage\":\"en-US\",\"@id\":\"https:\/\/lewinywills.com\/miembros\/fusiones-y-adquisiciones\/#primaryimage\",\"url\":\"https:\/\/lewinywills.com\/wp-content\/uploads\/2020\/08\/1-EDIT.jpg\",\"contentUrl\":\"https:\/\/lewinywills.com\/wp-content\/uploads\/2020\/08\/1-EDIT.jpg\"},{\"@type\":\"BreadcrumbList\",\"@id\":\"https:\/\/lewinywills.com\/miembros\/fusiones-y-adquisiciones\/#breadcrumb\",\"itemListElement\":[{\"@type\":\"ListItem\",\"position\":1,\"name\":\"Inicio\",\"item\":\"https:\/\/lewinywills.com\/\"},{\"@type\":\"ListItem\",\"position\":2,\"name\":\"Miembros\",\"item\":\"https:\/\/lewinywills.com\/miembros\/\"},{\"@type\":\"ListItem\",\"position\":3,\"name\":\"Fusiones y Adquisiciones\"}]},{\"@type\":\"WebSite\",\"@id\":\"https:\/\/lewinywills.com\/#website\",\"url\":\"https:\/\/lewinywills.com\/\",\"name\":\"Lewin &amp; Wills\",\"description\":\"Firma de abogados | Especialidades | Lewin y Wills\",\"potentialAction\":[{\"@type\":\"SearchAction\",\"target\":{\"@type\":\"EntryPoint\",\"urlTemplate\":\"https:\/\/lewinywills.com\/?s={search_term_string}\"},\"query-input\":{\"@type\":\"PropertyValueSpecification\",\"valueRequired\":true,\"valueName\":\"search_term_string\"}}],\"inLanguage\":\"en-US\"}]}<\/script>\n<!-- \/ Yoast SEO plugin. -->","yoast_head_json":{"title":"Abogados expertos en fusiones y adquisiciones | Lewin y Wills","description":"Nuestros abogados profesionales expertos en fusiones yadquisiciones te brindar\u00e1n la mejor consultor\u00eda, asesor\u00eda, gesti\u00f3n y representaci\u00f3n. \u00a1M\u00e1sde 40 a\u00f1os de experiencia!","robots":{"index":"index","follow":"follow","max-snippet":"max-snippet:-1","max-image-preview":"max-image-preview:large","max-video-preview":"max-video-preview:-1"},"canonical":"https:\/\/lewinywills.com\/en\/miembros\/fusiones-y-adquisiciones\/","og_locale":"en_US","og_type":"article","og_title":"Abogados expertos en fusiones y adquisiciones | Lewin y Wills","og_description":"Nuestros abogados profesionales expertos en fusiones yadquisiciones te brindar\u00e1n la mejor consultor\u00eda, asesor\u00eda, gesti\u00f3n y representaci\u00f3n. \u00a1M\u00e1sde 40 a\u00f1os de experiencia!","og_url":"https:\/\/lewinywills.com\/en\/miembros\/fusiones-y-adquisiciones\/","og_site_name":"Lewin &amp; Wills","article_modified_time":"2025-10-10T01:06:12+00:00","og_image":[{"url":"https:\/\/lewinywills.com\/wp-content\/uploads\/2020\/08\/1-EDIT.jpg","type":"","width":"","height":""}],"twitter_card":"summary_large_image","twitter_site":"@LewinWills","twitter_misc":{"Est. reading time":"3 minutes"},"schema":{"@context":"https:\/\/schema.org","@graph":[{"@type":"WebPage","@id":"https:\/\/lewinywills.com\/miembros\/fusiones-y-adquisiciones\/","url":"https:\/\/lewinywills.com\/miembros\/fusiones-y-adquisiciones\/","name":"Abogados expertos en fusiones y adquisiciones | Lewin y Wills","isPartOf":{"@id":"https:\/\/lewinywills.com\/#website"},"primaryImageOfPage":{"@id":"https:\/\/lewinywills.com\/miembros\/fusiones-y-adquisiciones\/#primaryimage"},"image":{"@id":"https:\/\/lewinywills.com\/miembros\/fusiones-y-adquisiciones\/#primaryimage"},"thumbnailUrl":"https:\/\/lewinywills.com\/wp-content\/uploads\/2020\/08\/1-EDIT.jpg","datePublished":"2021-09-19T03:57:43+00:00","dateModified":"2025-10-10T01:06:12+00:00","description":"Nuestros abogados profesionales expertos en fusiones yadquisiciones te brindar\u00e1n la mejor consultor\u00eda, asesor\u00eda, gesti\u00f3n y representaci\u00f3n. \u00a1M\u00e1sde 40 a\u00f1os de experiencia!","breadcrumb":{"@id":"https:\/\/lewinywills.com\/miembros\/fusiones-y-adquisiciones\/#breadcrumb"},"inLanguage":"en-US","potentialAction":[{"@type":"ReadAction","target":["https:\/\/lewinywills.com\/miembros\/fusiones-y-adquisiciones\/"]}]},{"@type":"ImageObject","inLanguage":"en-US","@id":"https:\/\/lewinywills.com\/miembros\/fusiones-y-adquisiciones\/#primaryimage","url":"https:\/\/lewinywills.com\/wp-content\/uploads\/2020\/08\/1-EDIT.jpg","contentUrl":"https:\/\/lewinywills.com\/wp-content\/uploads\/2020\/08\/1-EDIT.jpg"},{"@type":"BreadcrumbList","@id":"https:\/\/lewinywills.com\/miembros\/fusiones-y-adquisiciones\/#breadcrumb","itemListElement":[{"@type":"ListItem","position":1,"name":"Inicio","item":"https:\/\/lewinywills.com\/"},{"@type":"ListItem","position":2,"name":"Miembros","item":"https:\/\/lewinywills.com\/miembros\/"},{"@type":"ListItem","position":3,"name":"Fusiones y Adquisiciones"}]},{"@type":"WebSite","@id":"https:\/\/lewinywills.com\/#website","url":"https:\/\/lewinywills.com\/","name":"Lewin &amp; Wills","description":"Firma de abogados | Especialidades | Lewin y Wills","potentialAction":[{"@type":"SearchAction","target":{"@type":"EntryPoint","urlTemplate":"https:\/\/lewinywills.com\/?s={search_term_string}"},"query-input":{"@type":"PropertyValueSpecification","valueRequired":true,"valueName":"search_term_string"}}],"inLanguage":"en-US"}]}},"_links":{"self":[{"href":"https:\/\/lewinywills.com\/en\/wp-json\/wp\/v2\/pages\/8823","targetHints":{"allow":["GET"]}}],"collection":[{"href":"https:\/\/lewinywills.com\/en\/wp-json\/wp\/v2\/pages"}],"about":[{"href":"https:\/\/lewinywills.com\/en\/wp-json\/wp\/v2\/types\/page"}],"author":[{"embeddable":true,"href":"https:\/\/lewinywills.com\/en\/wp-json\/wp\/v2\/users\/11"}],"replies":[{"embeddable":true,"href":"https:\/\/lewinywills.com\/en\/wp-json\/wp\/v2\/comments?post=8823"}],"version-history":[{"count":49,"href":"https:\/\/lewinywills.com\/en\/wp-json\/wp\/v2\/pages\/8823\/revisions"}],"predecessor-version":[{"id":11334,"href":"https:\/\/lewinywills.com\/en\/wp-json\/wp\/v2\/pages\/8823\/revisions\/11334"}],"up":[{"embeddable":true,"href":"https:\/\/lewinywills.com\/en\/wp-json\/wp\/v2\/pages\/2189"}],"wp:attachment":[{"href":"https:\/\/lewinywills.com\/en\/wp-json\/wp\/v2\/media?parent=8823"}],"curies":[{"name":"wp","href":"https:\/\/api.w.org\/{rel}","templated":true}]}}