{"id":8821,"date":"2021-09-18T22:57:07","date_gmt":"2021-09-19T03:57:07","guid":{"rendered":"https:\/\/lewinywills.com\/?page_id=8821"},"modified":"2026-03-11T19:58:22","modified_gmt":"2026-03-12T00:58:22","slug":"litigios","status":"publish","type":"page","link":"https:\/\/lewinywills.com\/en\/miembros\/litigios\/","title":{"rendered":"Litigation"},"content":{"rendered":"<div data-elementor-type=\"wp-post\" data-elementor-id=\"8821\" class=\"elementor elementor-8821\">\n\t\t\t\t\t\t<section class=\"elementor-section elementor-top-section elementor-element elementor-element-7f0da5d elementor-section-boxed elementor-section-height-default elementor-section-height-default\" data-id=\"7f0da5d\" data-element_type=\"section\" data-e-type=\"section\" id=\"litigios\">\n\t\t\t\t\t\t<div class=\"elementor-container elementor-column-gap-default\">\n\t\t\t\t\t<div class=\"elementor-column elementor-col-100 elementor-top-column elementor-element elementor-element-e129b8d\" data-id=\"e129b8d\" data-element_type=\"column\" data-e-type=\"column\">\n\t\t\t<div class=\"elementor-widget-wrap elementor-element-populated\">\n\t\t\t\t\t\t<div class=\"elementor-element elementor-element-2562633 elementor-widget elementor-widget-elementskit-heading\" data-id=\"2562633\" data-element_type=\"widget\" data-e-type=\"widget\" data-widget_type=\"elementskit-heading.default\">\n\t\t\t\t<div class=\"elementor-widget-container\">\n\t\t\t\t\t<div class=\"ekit-wid-con\" ><div class=\"ekit-heading elementskit-section-title-wraper text_center   ekit_heading_tablet-   ekit_heading_mobile-\"><h2 class=\"ekit-heading--title elementskit-section-title\">Litigation<\/h2><h3 class=\"ekit-heading--subtitle elementskit-section-subtitle\">\n\t\t\t\t\t\t(Tax, foreign exchange and international trade)\n\t\t\t\t\t<\/h3><\/div><\/div>\t\t\t\t<\/div>\n\t\t\t\t<\/div>\n\t\t\t\t<section class=\"elementor-section elementor-inner-section elementor-element elementor-element-2db8676 elementor-section-boxed elementor-section-height-default elementor-section-height-default\" data-id=\"2db8676\" data-element_type=\"section\" data-e-type=\"section\">\n\t\t\t\t\t\t<div class=\"elementor-container elementor-column-gap-default\">\n\t\t\t\t\t<div class=\"elementor-column elementor-col-50 elementor-inner-column elementor-element elementor-element-150201e\" data-id=\"150201e\" data-element_type=\"column\" data-e-type=\"column\">\n\t\t\t<div class=\"elementor-widget-wrap elementor-element-populated\">\n\t\t\t\t\t\t<div class=\"elementor-element elementor-element-5537d8d elementor-widget elementor-widget-image\" data-id=\"5537d8d\" data-element_type=\"widget\" data-e-type=\"widget\" data-widget_type=\"image.default\">\n\t\t\t\t<div class=\"elementor-widget-container\">\n\t\t\t\t\t\t\t\t\t\t\t\t\t\t\t<img fetchpriority=\"high\" decoding=\"async\" width=\"540\" height=\"384\" src=\"https:\/\/lewinywills.com\/wp-content\/uploads\/2020\/08\/4-EDIT.jpg\" class=\"attachment-large size-large wp-image-5984\" alt=\"Firma de abogados Lewin &amp; Wills\" srcset=\"https:\/\/lewinywills.com\/wp-content\/uploads\/2020\/08\/4-EDIT.jpg 540w, https:\/\/lewinywills.com\/wp-content\/uploads\/2020\/08\/4-EDIT-350x250.jpg 350w, https:\/\/lewinywills.com\/wp-content\/uploads\/2020\/08\/4-EDIT-300x213.jpg 300w\" sizes=\"(max-width: 540px) 100vw, 540px\" \/>\t\t\t\t\t\t\t\t\t\t\t\t\t\t\t<\/div>\n\t\t\t\t<\/div>\n\t\t\t\t\t<\/div>\n\t\t<\/div>\n\t\t\t\t<div class=\"elementor-column elementor-col-50 elementor-inner-column elementor-element elementor-element-b70239b elementor-invisible\" data-id=\"b70239b\" data-element_type=\"column\" data-e-type=\"column\" data-settings=\"{&quot;animation&quot;:&quot;fadeInUp&quot;}\">\n\t\t\t<div class=\"elementor-widget-wrap elementor-element-populated\">\n\t\t\t\t\t\t<div class=\"elementor-element elementor-element-ab18a9d elementor-widget elementor-widget-elementskit-heading\" data-id=\"ab18a9d\" data-element_type=\"widget\" data-e-type=\"widget\" data-widget_type=\"elementskit-heading.default\">\n\t\t\t\t<div class=\"elementor-widget-container\">\n\t\t\t\t\t<div class=\"ekit-wid-con\" ><div class=\"ekit-heading elementskit-section-title-wraper text_left   ekit_heading_tablet-   ekit_heading_mobile-\">\t\t\t\t<div class='ekit-heading__description'>\n\t\t\t\t\t<p>Lewin &amp; Wills is well recognized for successful national litigation. We represent our clients throughout all stages of the process, seeking to provide adequate management to their claims during dispute settlement. Our advice in the area of litigation focuses on foreign exchange, tax law and foreign exchange matters, which guarantees our specialty and dedication in the management of these procedures, carried out before national courts and national and international arbitration tribunals.<\/p>\n\t\t\t\t<\/div>\n\t\t\t<\/div><\/div>\t\t\t\t<\/div>\n\t\t\t\t<\/div>\n\t\t\t\t\t<\/div>\n\t\t<\/div>\n\t\t\t\t\t<\/div>\n\t\t<\/section>\n\t\t\t\t<section class=\"elementor-section elementor-inner-section elementor-element elementor-element-44e9e50 elementor-section-boxed elementor-section-height-default elementor-section-height-default\" data-id=\"44e9e50\" data-element_type=\"section\" data-e-type=\"section\" data-settings=\"{&quot;background_background&quot;:&quot;classic&quot;}\">\n\t\t\t\t\t\t<div class=\"elementor-container elementor-column-gap-default\">\n\t\t\t\t\t<div class=\"elementor-column elementor-col-50 elementor-inner-column elementor-element elementor-element-fc8cde8\" data-id=\"fc8cde8\" data-element_type=\"column\" data-e-type=\"column\">\n\t\t\t<div class=\"elementor-widget-wrap elementor-element-populated\">\n\t\t\t\t\t\t<div class=\"elementor-element elementor-element-15b01f5 elementor-widget elementor-widget-heading\" data-id=\"15b01f5\" data-element_type=\"widget\" data-e-type=\"widget\" data-widget_type=\"heading.default\">\n\t\t\t\t<div class=\"elementor-widget-container\">\n\t\t\t\t\t<h4 class=\"elementor-heading-title elementor-size-default\">Related Members:<\/h4>\t\t\t\t<\/div>\n\t\t\t\t<\/div>\n\t\t\t\t\t<\/div>\n\t\t<\/div>\n\t\t\t\t<div class=\"elementor-column elementor-col-50 elementor-inner-column elementor-element elementor-element-d093287\" data-id=\"d093287\" data-element_type=\"column\" data-e-type=\"column\">\n\t\t\t<div class=\"elementor-widget-wrap elementor-element-populated\">\n\t\t\t\t\t\t<div class=\"elementor-element elementor-element-e74cd8c elementor-arrows-position-outside elementor-pagination-position-outside elementor-widget elementor-widget-image-carousel\" data-id=\"e74cd8c\" data-element_type=\"widget\" data-e-type=\"widget\" data-settings=\"{&quot;infinite&quot;:&quot;no&quot;,&quot;autoplay&quot;:&quot;no&quot;,&quot;slides_to_show_tablet&quot;:&quot;2&quot;,&quot;slides_to_show_mobile&quot;:&quot;1&quot;,&quot;navigation&quot;:&quot;both&quot;,&quot;speed&quot;:500}\" data-widget_type=\"image-carousel.default\">\n\t\t\t\t<div class=\"elementor-widget-container\">\n\t\t\t\t\t\t\t<div class=\"elementor-image-carousel-wrapper swiper\" role=\"region\" aria-roledescription=\"carousel\" aria-label=\"Carrusel de im\u00e1genes\" dir=\"ltr\">\n\t\t\t<div class=\"elementor-image-carousel swiper-wrapper\" aria-live=\"polite\">\n\t\t\t\t\t\t\t\t<div class=\"swiper-slide\" role=\"group\" aria-roledescription=\"slide\" aria-label=\"1 of 6\"><figure class=\"swiper-slide-inner\"><img decoding=\"async\" class=\"swiper-slide-image\" src=\"https:\/\/lewinywills.com\/wp-content\/uploads\/2020\/09\/alfredo-lewin-150x150.jpg\" alt=\"Alfredo Lewin\" \/><figcaption class=\"elementor-image-carousel-caption\"><a href=\"https:\/\/lewinywills.com\/en\/miembros\/alfredo-lewin\/\">Alfredo Lewin<\/a><\/figcaption><\/figure><\/div><div class=\"swiper-slide\" role=\"group\" aria-roledescription=\"slide\" aria-label=\"2 of 6\"><figure class=\"swiper-slide-inner\"><img decoding=\"async\" class=\"swiper-slide-image\" src=\"https:\/\/lewinywills.com\/wp-content\/uploads\/2023\/11\/emilio-wills-150x150.jpg\" alt=\"Emilio Wills\" \/><figcaption class=\"elementor-image-carousel-caption\"><a href=\"https:\/\/lewinywills.com\/en\/miembros\/emilio-wills\/\">Emilio Wills<\/a><\/figcaption><\/figure><\/div><div class=\"swiper-slide\" role=\"group\" aria-roledescription=\"slide\" aria-label=\"3 of 6\"><figure class=\"swiper-slide-inner\"><img decoding=\"async\" class=\"swiper-slide-image\" src=\"https:\/\/lewinywills.com\/wp-content\/uploads\/2024\/01\/Luz-Clemencia-Alfonso-150x150.jpg\" alt=\"Luz Clemencia Alfonso\" \/><figcaption class=\"elementor-image-carousel-caption\"><a href=\"https:\/\/lewinywills.com\/en\/miembros\/luz-clemencia-alfonso\/\">Luz Clemencia Alfonso<\/a><\/figcaption><\/figure><\/div><div class=\"swiper-slide\" role=\"group\" aria-roledescription=\"slide\" aria-label=\"4 of 6\"><figure class=\"swiper-slide-inner\"><img decoding=\"async\" class=\"swiper-slide-image\" src=\"https:\/\/lewinywills.com\/wp-content\/uploads\/2023\/11\/juan-andres-palacios-150x150.jpg\" alt=\"Juan Andr\u00e9s Palacios\" \/><figcaption class=\"elementor-image-carousel-caption\"><a href=\"https:\/\/lewinywills.com\/en\/miembros\/juan-andres-palacios\/\">Juan Andr\u00e9s Palacios<\/a><\/figcaption><\/figure><\/div><div class=\"swiper-slide\" role=\"group\" aria-roledescription=\"slide\" aria-label=\"5 of 6\"><figure class=\"swiper-slide-inner\"><img decoding=\"async\" class=\"swiper-slide-image\" src=\"https:\/\/lewinywills.com\/wp-content\/uploads\/2023\/11\/federico-lewin-150x150.jpg\" alt=\"Federico Lewin\" \/><figcaption class=\"elementor-image-carousel-caption\"><a href=\"https:\/\/lewinywills.com\/en\/miembros\/federico-lewin-pinzon\/\">Federico Lewin<\/a><\/figcaption><\/figure><\/div><div class=\"swiper-slide\" role=\"group\" aria-roledescription=\"slide\" aria-label=\"6 of 6\"><figure class=\"swiper-slide-inner\"><img decoding=\"async\" class=\"swiper-slide-image\" src=\"https:\/\/lewinywills.com\/wp-content\/uploads\/2024\/07\/alejandro-neisa-150x150.png\" alt=\"Alejandro Neisa\" \/><figcaption class=\"elementor-image-carousel-caption\"><a href=\"https:\/\/lewinywills.com\/en\/miembros\/alejandro-neisa-fuentes\/\">Alejandro Neisa<\/a><\/figcaption><\/figure><\/div>\t\t\t<\/div>\n\t\t\t\t\t\t\t\t\t\t\t\t<div class=\"elementor-swiper-button elementor-swiper-button-prev\" role=\"button\" tabindex=\"0\">\n\t\t\t\t\t\t<i aria-hidden=\"true\" class=\"eicon-chevron-left\"><\/i>\t\t\t\t\t<\/div>\n\t\t\t\t\t<div class=\"elementor-swiper-button elementor-swiper-button-next\" role=\"button\" tabindex=\"0\">\n\t\t\t\t\t\t<i aria-hidden=\"true\" class=\"eicon-chevron-right\"><\/i>\t\t\t\t\t<\/div>\n\t\t\t\t\n\t\t\t\t\t\t\t\t\t<div class=\"swiper-pagination\"><\/div>\n\t\t\t\t\t\t\t\t\t<\/div>\n\t\t\t\t\t\t<\/div>\n\t\t\t\t<\/div>\n\t\t\t\t\t<\/div>\n\t\t<\/div>\n\t\t\t\t\t<\/div>\n\t\t<\/section>\n\t\t\t\t\t<\/div>\n\t\t<\/div>\n\t\t\t\t\t<\/div>\n\t\t<\/section>\n\t\t\t\t<\/div>","protected":false},"excerpt":{"rendered":"<p>\u00c1rea de Litigios (Tributario, cambiario y comercio exterior) Lewin &amp; Wills se ha destacado por llevar a cabo litigios exitosos a nivel nacional. Representamos a nuestros clientes durante todo el proceso, buscando dar un manejo adecuado a sus pretensiones durante la soluci\u00f3n de controversias. Nuestra asesor\u00eda en el \u00e1rea de litigios se enfoca en temas [&hellip;]<\/p>\n","protected":false},"author":11,"featured_media":0,"parent":2189,"menu_order":0,"comment_status":"closed","ping_status":"closed","template":"template\/full-width-template.php","meta":{"episode_type":"","audio_file":"","cover_image":"","cover_image_id":"","duration":"","filesize":"","filesize_raw":"","date_recorded":"","explicit":"","block":"","itunes_episode_number":"","itunes_title":"","itunes_season_number":"","itunes_episode_type":"","footnotes":""},"class_list":["post-8821","page","type-page","status-publish","hentry"],"yoast_head":"<!-- This site is optimized with the Yoast SEO plugin v27.0 - https:\/\/yoast.com\/product\/yoast-seo-wordpress\/ -->\n<title>Abogados expertos en litigios | Lewin y Wills<\/title>\n<meta name=\"description\" content=\"Nuestros abogados profesionales expertos en litigios te brindar\u00e1n la mejorconsultor\u00eda, asesor\u00eda, gesti\u00f3n y representaci\u00f3n. \u00a1M\u00e1s de 40 a\u00f1os de experiencia!\" \/>\n<meta name=\"robots\" content=\"index, follow, max-snippet:-1, max-image-preview:large, max-video-preview:-1\" \/>\n<link rel=\"canonical\" href=\"https:\/\/lewinywills.com\/en\/miembros\/litigios\/\" \/>\n<meta property=\"og:locale\" content=\"en_US\" \/>\n<meta property=\"og:type\" content=\"article\" \/>\n<meta property=\"og:title\" content=\"Abogados expertos en litigios | Lewin y Wills\" \/>\n<meta property=\"og:description\" content=\"Nuestros abogados profesionales expertos en litigios te brindar\u00e1n la mejorconsultor\u00eda, asesor\u00eda, gesti\u00f3n y representaci\u00f3n. \u00a1M\u00e1s de 40 a\u00f1os de experiencia!\" \/>\n<meta property=\"og:url\" content=\"https:\/\/lewinywills.com\/en\/miembros\/litigios\/\" \/>\n<meta property=\"og:site_name\" content=\"Lewin &amp; Wills\" \/>\n<meta property=\"article:modified_time\" content=\"2026-03-12T00:58:22+00:00\" \/>\n<meta property=\"og:image\" content=\"https:\/\/lewinywills.com\/wp-content\/uploads\/2020\/08\/4-EDIT.jpg\" \/>\n\t<meta property=\"og:image:width\" content=\"540\" \/>\n\t<meta property=\"og:image:height\" content=\"384\" \/>\n\t<meta property=\"og:image:type\" content=\"image\/jpeg\" \/>\n<meta name=\"twitter:card\" content=\"summary_large_image\" \/>\n<meta name=\"twitter:site\" content=\"@LewinWills\" \/>\n<meta name=\"twitter:label1\" content=\"Est. reading time\" \/>\n\t<meta name=\"twitter:data1\" content=\"2 minutes\" \/>\n<script type=\"application\/ld+json\" class=\"yoast-schema-graph\">{\"@context\":\"https:\/\/schema.org\",\"@graph\":[{\"@type\":\"WebPage\",\"@id\":\"https:\/\/lewinywills.com\/miembros\/litigios\/\",\"url\":\"https:\/\/lewinywills.com\/miembros\/litigios\/\",\"name\":\"Abogados expertos en litigios | Lewin y Wills\",\"isPartOf\":{\"@id\":\"https:\/\/lewinywills.com\/#website\"},\"primaryImageOfPage\":{\"@id\":\"https:\/\/lewinywills.com\/miembros\/litigios\/#primaryimage\"},\"image\":{\"@id\":\"https:\/\/lewinywills.com\/miembros\/litigios\/#primaryimage\"},\"thumbnailUrl\":\"https:\/\/lewinywills.com\/wp-content\/uploads\/2020\/08\/4-EDIT.jpg\",\"datePublished\":\"2021-09-19T03:57:07+00:00\",\"dateModified\":\"2026-03-12T00:58:22+00:00\",\"description\":\"Nuestros abogados profesionales expertos en litigios te brindar\u00e1n la mejorconsultor\u00eda, asesor\u00eda, gesti\u00f3n y representaci\u00f3n. \u00a1M\u00e1s de 40 a\u00f1os de experiencia!\",\"breadcrumb\":{\"@id\":\"https:\/\/lewinywills.com\/miembros\/litigios\/#breadcrumb\"},\"inLanguage\":\"en-US\",\"potentialAction\":[{\"@type\":\"ReadAction\",\"target\":[\"https:\/\/lewinywills.com\/miembros\/litigios\/\"]}]},{\"@type\":\"ImageObject\",\"inLanguage\":\"en-US\",\"@id\":\"https:\/\/lewinywills.com\/miembros\/litigios\/#primaryimage\",\"url\":\"https:\/\/lewinywills.com\/wp-content\/uploads\/2020\/08\/4-EDIT.jpg\",\"contentUrl\":\"https:\/\/lewinywills.com\/wp-content\/uploads\/2020\/08\/4-EDIT.jpg\"},{\"@type\":\"BreadcrumbList\",\"@id\":\"https:\/\/lewinywills.com\/miembros\/litigios\/#breadcrumb\",\"itemListElement\":[{\"@type\":\"ListItem\",\"position\":1,\"name\":\"Inicio\",\"item\":\"https:\/\/lewinywills.com\/\"},{\"@type\":\"ListItem\",\"position\":2,\"name\":\"Miembros\",\"item\":\"https:\/\/lewinywills.com\/miembros\/\"},{\"@type\":\"ListItem\",\"position\":3,\"name\":\"Litigios\"}]},{\"@type\":\"WebSite\",\"@id\":\"https:\/\/lewinywills.com\/#website\",\"url\":\"https:\/\/lewinywills.com\/\",\"name\":\"Lewin &amp; Wills\",\"description\":\"Firma de abogados | Especialidades | Lewin y Wills\",\"potentialAction\":[{\"@type\":\"SearchAction\",\"target\":{\"@type\":\"EntryPoint\",\"urlTemplate\":\"https:\/\/lewinywills.com\/?s={search_term_string}\"},\"query-input\":{\"@type\":\"PropertyValueSpecification\",\"valueRequired\":true,\"valueName\":\"search_term_string\"}}],\"inLanguage\":\"en-US\"}]}<\/script>\n<!-- \/ Yoast SEO plugin. -->","yoast_head_json":{"title":"Abogados expertos en litigios | Lewin y Wills","description":"Nuestros abogados profesionales expertos en litigios te brindar\u00e1n la mejorconsultor\u00eda, asesor\u00eda, gesti\u00f3n y representaci\u00f3n. \u00a1M\u00e1s de 40 a\u00f1os de experiencia!","robots":{"index":"index","follow":"follow","max-snippet":"max-snippet:-1","max-image-preview":"max-image-preview:large","max-video-preview":"max-video-preview:-1"},"canonical":"https:\/\/lewinywills.com\/en\/miembros\/litigios\/","og_locale":"en_US","og_type":"article","og_title":"Abogados expertos en litigios | Lewin y Wills","og_description":"Nuestros abogados profesionales expertos en litigios te brindar\u00e1n la mejorconsultor\u00eda, asesor\u00eda, gesti\u00f3n y representaci\u00f3n. \u00a1M\u00e1s de 40 a\u00f1os de experiencia!","og_url":"https:\/\/lewinywills.com\/en\/miembros\/litigios\/","og_site_name":"Lewin &amp; Wills","article_modified_time":"2026-03-12T00:58:22+00:00","og_image":[{"width":540,"height":384,"url":"https:\/\/lewinywills.com\/wp-content\/uploads\/2020\/08\/4-EDIT.jpg","type":"image\/jpeg"}],"twitter_card":"summary_large_image","twitter_site":"@LewinWills","twitter_misc":{"Est. reading time":"2 minutes"},"schema":{"@context":"https:\/\/schema.org","@graph":[{"@type":"WebPage","@id":"https:\/\/lewinywills.com\/miembros\/litigios\/","url":"https:\/\/lewinywills.com\/miembros\/litigios\/","name":"Abogados expertos en litigios | Lewin y Wills","isPartOf":{"@id":"https:\/\/lewinywills.com\/#website"},"primaryImageOfPage":{"@id":"https:\/\/lewinywills.com\/miembros\/litigios\/#primaryimage"},"image":{"@id":"https:\/\/lewinywills.com\/miembros\/litigios\/#primaryimage"},"thumbnailUrl":"https:\/\/lewinywills.com\/wp-content\/uploads\/2020\/08\/4-EDIT.jpg","datePublished":"2021-09-19T03:57:07+00:00","dateModified":"2026-03-12T00:58:22+00:00","description":"Nuestros abogados profesionales expertos en litigios te brindar\u00e1n la mejorconsultor\u00eda, asesor\u00eda, gesti\u00f3n y representaci\u00f3n. \u00a1M\u00e1s de 40 a\u00f1os de experiencia!","breadcrumb":{"@id":"https:\/\/lewinywills.com\/miembros\/litigios\/#breadcrumb"},"inLanguage":"en-US","potentialAction":[{"@type":"ReadAction","target":["https:\/\/lewinywills.com\/miembros\/litigios\/"]}]},{"@type":"ImageObject","inLanguage":"en-US","@id":"https:\/\/lewinywills.com\/miembros\/litigios\/#primaryimage","url":"https:\/\/lewinywills.com\/wp-content\/uploads\/2020\/08\/4-EDIT.jpg","contentUrl":"https:\/\/lewinywills.com\/wp-content\/uploads\/2020\/08\/4-EDIT.jpg"},{"@type":"BreadcrumbList","@id":"https:\/\/lewinywills.com\/miembros\/litigios\/#breadcrumb","itemListElement":[{"@type":"ListItem","position":1,"name":"Inicio","item":"https:\/\/lewinywills.com\/"},{"@type":"ListItem","position":2,"name":"Miembros","item":"https:\/\/lewinywills.com\/miembros\/"},{"@type":"ListItem","position":3,"name":"Litigios"}]},{"@type":"WebSite","@id":"https:\/\/lewinywills.com\/#website","url":"https:\/\/lewinywills.com\/","name":"Lewin &amp; Wills","description":"Firma de abogados | Especialidades | Lewin y Wills","potentialAction":[{"@type":"SearchAction","target":{"@type":"EntryPoint","urlTemplate":"https:\/\/lewinywills.com\/?s={search_term_string}"},"query-input":{"@type":"PropertyValueSpecification","valueRequired":true,"valueName":"search_term_string"}}],"inLanguage":"en-US"}]}},"_links":{"self":[{"href":"https:\/\/lewinywills.com\/en\/wp-json\/wp\/v2\/pages\/8821","targetHints":{"allow":["GET"]}}],"collection":[{"href":"https:\/\/lewinywills.com\/en\/wp-json\/wp\/v2\/pages"}],"about":[{"href":"https:\/\/lewinywills.com\/en\/wp-json\/wp\/v2\/types\/page"}],"author":[{"embeddable":true,"href":"https:\/\/lewinywills.com\/en\/wp-json\/wp\/v2\/users\/11"}],"replies":[{"embeddable":true,"href":"https:\/\/lewinywills.com\/en\/wp-json\/wp\/v2\/comments?post=8821"}],"version-history":[{"count":44,"href":"https:\/\/lewinywills.com\/en\/wp-json\/wp\/v2\/pages\/8821\/revisions"}],"predecessor-version":[{"id":11519,"href":"https:\/\/lewinywills.com\/en\/wp-json\/wp\/v2\/pages\/8821\/revisions\/11519"}],"up":[{"embeddable":true,"href":"https:\/\/lewinywills.com\/en\/wp-json\/wp\/v2\/pages\/2189"}],"wp:attachment":[{"href":"https:\/\/lewinywills.com\/en\/wp-json\/wp\/v2\/media?parent=8821"}],"curies":[{"name":"wp","href":"https:\/\/api.w.org\/{rel}","templated":true}]}}