{"id":2000,"date":"2019-07-09T07:05:43","date_gmt":"2019-07-09T12:05:43","guid":{"rendered":"https:\/\/lewinywills.com\/?page_id=2000"},"modified":"2025-10-06T19:34:04","modified_gmt":"2025-10-07T00:34:04","slug":"contactenos","status":"publish","type":"page","link":"https:\/\/lewinywills.com\/en\/contactenos\/","title":{"rendered":"Contact Us"},"content":{"rendered":"<div data-elementor-type=\"wp-post\" data-elementor-id=\"2000\" class=\"elementor elementor-2000\">\n\t\t\t\t\t\t<section class=\"elementor-section elementor-top-section elementor-element elementor-element-5c16 elementor-section-boxed elementor-section-height-default elementor-section-height-default\" data-id=\"5c16\" data-element_type=\"section\" data-e-type=\"section\" data-settings=\"{&quot;background_background&quot;:&quot;classic&quot;}\">\n\t\t\t\t\t\t<div class=\"elementor-container elementor-column-gap-default\">\n\t\t\t\t\t<div class=\"elementor-column elementor-col-100 elementor-top-column elementor-element elementor-element-2d31\" data-id=\"2d31\" data-element_type=\"column\" data-e-type=\"column\">\n\t\t\t<div class=\"elementor-widget-wrap elementor-element-populated\">\n\t\t\t\t\t\t<section class=\"elementor-section elementor-inner-section elementor-element elementor-element-48fd elementor-section-boxed elementor-section-height-default elementor-section-height-default\" data-id=\"48fd\" data-element_type=\"section\" data-e-type=\"section\">\n\t\t\t\t\t\t<div class=\"elementor-container elementor-column-gap-default\">\n\t\t\t\t\t<div class=\"elementor-column elementor-col-100 elementor-inner-column elementor-element elementor-element-3154\" data-id=\"3154\" data-element_type=\"column\" data-e-type=\"column\">\n\t\t\t<div class=\"elementor-widget-wrap elementor-element-populated\">\n\t\t\t\t\t\t<div class=\"elementor-element elementor-element-38a7 elementor-widget elementor-widget-elementskit-heading\" data-id=\"38a7\" data-element_type=\"widget\" data-e-type=\"widget\" data-widget_type=\"elementskit-heading.default\">\n\t\t\t\t<div class=\"elementor-widget-container\">\n\t\t\t\t\t<div class=\"ekit-wid-con\" ><div class=\"ekit-heading elementskit-section-title-wraper text_center   ekit_heading_tablet-   ekit_heading_mobile-\"><h3 class=\"elementskit-section-subtitle\">\n\t\t\t\t\t\tClient contact and information\n\t\t\t\t\t<\/h3><h2 class=\"ekit-heading--title elementskit-section-title\">Contact Us<\/h2><\/div><\/div>\t\t\t\t<\/div>\n\t\t\t\t<\/div>\n\t\t\t\t\t<\/div>\n\t\t<\/div>\n\t\t\t\t\t<\/div>\n\t\t<\/section>\n\t\t\t\t<section class=\"elementor-section elementor-inner-section elementor-element elementor-element-56ec elementor-section-boxed elementor-section-height-default elementor-section-height-default\" data-id=\"56ec\" data-element_type=\"section\" data-e-type=\"section\">\n\t\t\t\t\t\t<div class=\"elementor-container elementor-column-gap-default\">\n\t\t\t\t\t<div class=\"elementor-column elementor-col-33 elementor-inner-column elementor-element elementor-element-77f9\" data-id=\"77f9\" data-element_type=\"column\" data-e-type=\"column\">\n\t\t\t<div class=\"elementor-widget-wrap elementor-element-populated\">\n\t\t\t\t\t\t<div class=\"elementor-element elementor-element-59f2 ekit-equal-height-disable elementor-widget elementor-widget-elementskit-icon-box\" data-id=\"59f2\" data-element_type=\"widget\" data-e-type=\"widget\" data-widget_type=\"elementskit-icon-box.default\">\n\t\t\t\t<div class=\"elementor-widget-container\">\n\t\t\t\t\t<div class=\"ekit-wid-con\" >        <!-- link opening -->\n                <!-- end link opening -->\n\n        <div class=\"elementskit-infobox text- text- icon-lef-right-aligin elementor-animation-\">\n                        <div class=\"box-body\">\n                            <h3 class=\"elementskit-info-box-title\">\n                    Location                <\/h3>\n                        \t\t  \t<p>Cl. 72A #4-03 <br \/>Bogot\u00e1 - Colombia <br \/>\nZip Code: 110221\n\n<\/p>\n                                        <div class=\"box-footer disable_hover_button\">\n                    <div class=\"btn-wraper\">\n                                                            <a class=\"elementskit-btn whitespace--normal\" href=\"https:\/\/goo.gl\/maps\/wJt59DeiBSg8Utki7\" target=\"_blank\" rel=\"nofollow\">\n                                        View in Google Maps                                        <i aria-hidden=\"true\" class=\"fasicon icon-arrow-right\"><\/i>                                    <\/a>\n                                                        <\/div>\n                <\/div>\n                    <\/div>\n        \n        \n                <\/div>\n        <\/div>\t\t\t\t<\/div>\n\t\t\t\t<\/div>\n\t\t\t\t\t<\/div>\n\t\t<\/div>\n\t\t\t\t<div class=\"elementor-column elementor-col-33 elementor-inner-column elementor-element elementor-element-159f\" data-id=\"159f\" data-element_type=\"column\" data-e-type=\"column\">\n\t\t\t<div class=\"elementor-widget-wrap elementor-element-populated\">\n\t\t\t\t\t\t<div class=\"elementor-element elementor-element-ca5a500 ekit-equal-height-enable elementor-widget elementor-widget-elementskit-icon-box\" data-id=\"ca5a500\" data-element_type=\"widget\" data-e-type=\"widget\" data-widget_type=\"elementskit-icon-box.default\">\n\t\t\t\t<div class=\"elementor-widget-container\">\n\t\t\t\t\t<div class=\"ekit-wid-con\" >        <!-- link opening -->\n                <!-- end link opening -->\n\n        <div class=\"elementskit-infobox text- text- icon-lef-right-aligin elementor-animation-\">\n                        <div class=\"box-body\">\n                            <h3 class=\"elementskit-info-box-title\">\n                    Phones                <\/h3>\n                        \t\t  \t<p><a href=\"tel:+57(1)3125577\">PBX: +57 (601) 312 5577<\/a> \n\n<\/p>\n                                        <div class=\"box-footer disable_hover_button\">\n                    <div class=\"btn-wraper\">\n                                                            <a class=\"elementskit-btn whitespace--normal\" href=\"https:\/\/wa.me\/573107812815\" target=\"_blank\" rel=\"nofollow\">\n                                        <i aria-hidden=\"true\" class=\"fab fa-whatsapp\"><\/i>                                        Whatsapp                                    <\/a>\n                                                        <\/div>\n                <\/div>\n                    <\/div>\n        \n        \n                <\/div>\n        <\/div>\t\t\t\t<\/div>\n\t\t\t\t<\/div>\n\t\t\t\t\t<\/div>\n\t\t<\/div>\n\t\t\t\t<div class=\"elementor-column elementor-col-33 elementor-inner-column elementor-element elementor-element-06c2b0c\" data-id=\"06c2b0c\" data-element_type=\"column\" data-e-type=\"column\">\n\t\t\t<div class=\"elementor-widget-wrap elementor-element-populated\">\n\t\t\t\t\t\t<div class=\"elementor-element elementor-element-7938391 ekit-equal-height-enable elementor-widget elementor-widget-elementskit-icon-box\" data-id=\"7938391\" data-element_type=\"widget\" data-e-type=\"widget\" data-widget_type=\"elementskit-icon-box.default\">\n\t\t\t\t<div class=\"elementor-widget-container\">\n\t\t\t\t\t<div class=\"ekit-wid-con\" >        <!-- link opening -->\n                <!-- end link opening -->\n\n        <div class=\"elementskit-infobox text- text- icon-lef-right-aligin elementor-animation-\">\n                        <div class=\"box-body\">\n                            <h3 class=\"elementskit-info-box-title\">\n                    E-mail                <\/h3>\n                        \t\t  \t<p><a href=\"mailto:lyw@lewinywills.com\">lyw@lewinywills.com<\/a> \n\n<\/p>\n                                        <div class=\"box-footer disable_hover_button\">\n                    <div class=\"btn-wraper\">\n                                                            <a class=\"elementskit-btn whitespace--normal\" href=\"mailto:lyw@lewinywills.com\" target=\"_blank\" rel=\"nofollow\">\n                                        <i aria-hidden=\"true\" class=\"icon icon-email\"><\/i>                                        Enviar mensaje                                    <\/a>\n                                                        <\/div>\n                <\/div>\n                    <\/div>\n        \n        \n                <\/div>\n        <\/div>\t\t\t\t<\/div>\n\t\t\t\t<\/div>\n\t\t\t\t\t<\/div>\n\t\t<\/div>\n\t\t\t\t\t<\/div>\n\t\t<\/section>\n\t\t\t\t\t<\/div>\n\t\t<\/div>\n\t\t\t\t\t<\/div>\n\t\t<\/section>\n\t\t\t\t<\/div>","protected":false},"excerpt":{"rendered":"<p>Contacto para clientes e informaci\u00f3n Cont\u00e1ctenos Direcci\u00f3n Cl. 72A #4-03 Bogot\u00e1 &#8211; Colombia C\u00f3digo Postal: 110221 Ver en Google Maps Tel\u00e9fonos PBX: +57 (601) 312 5577 Whatsapp E-mail lyw@lewinywills.com Enviar mensaje<\/p>","protected":false},"author":1,"featured_media":0,"parent":0,"menu_order":0,"comment_status":"closed","ping_status":"closed","template":"template\/full-width-template.php","meta":{"episode_type":"","audio_file":"","cover_image":"","cover_image_id":"","duration":"","filesize":"","filesize_raw":"","date_recorded":"","explicit":"","block":"","itunes_episode_number":"","itunes_title":"","itunes_season_number":"","itunes_episode_type":"","footnotes":""},"class_list":["post-2000","page","type-page","status-publish","hentry"],"yoast_head":"<!-- This site is optimized with the Yoast SEO plugin v27.0 - https:\/\/yoast.com\/product\/yoast-seo-wordpress\/ -->\n<title>Cont\u00e1ctenos - Lewin &amp; Wills<\/title>\n<meta name=\"robots\" content=\"index, follow, max-snippet:-1, max-image-preview:large, max-video-preview:-1\" \/>\n<link rel=\"canonical\" href=\"https:\/\/lewinywills.com\/en\/contactenos\/\" \/>\n<meta property=\"og:locale\" content=\"en_US\" \/>\n<meta property=\"og:type\" content=\"article\" \/>\n<meta property=\"og:title\" content=\"Cont\u00e1ctenos - Lewin &amp; Wills\" \/>\n<meta property=\"og:description\" content=\"Contacto para clientes e informaci\u00f3n Cont\u00e1ctenos Direcci\u00f3n Cl. 72A #4-03 Bogot\u00e1 &#8211; Colombia C\u00f3digo Postal: 110221 Ver en Google Maps Tel\u00e9fonos PBX: +57 (601) 312 5577 Whatsapp E-mail lyw@lewinywills.com Enviar mensaje\" \/>\n<meta property=\"og:url\" content=\"https:\/\/lewinywills.com\/en\/contactenos\/\" \/>\n<meta property=\"og:site_name\" content=\"Lewin &amp; Wills\" \/>\n<meta property=\"article:modified_time\" content=\"2025-10-07T00:34:04+00:00\" \/>\n<meta name=\"twitter:card\" content=\"summary_large_image\" \/>\n<meta name=\"twitter:site\" content=\"@LewinWills\" \/>\n<meta name=\"twitter:label1\" content=\"Est. reading time\" \/>\n\t<meta name=\"twitter:data1\" content=\"1 minute\" \/>\n<script type=\"application\/ld+json\" class=\"yoast-schema-graph\">{\"@context\":\"https:\/\/schema.org\",\"@graph\":[{\"@type\":\"WebPage\",\"@id\":\"https:\/\/lewinywills.com\/contactenos\/\",\"url\":\"https:\/\/lewinywills.com\/contactenos\/\",\"name\":\"Cont\u00e1ctenos - Lewin &amp; Wills\",\"isPartOf\":{\"@id\":\"https:\/\/lewinywills.com\/#website\"},\"datePublished\":\"2019-07-09T12:05:43+00:00\",\"dateModified\":\"2025-10-07T00:34:04+00:00\",\"breadcrumb\":{\"@id\":\"https:\/\/lewinywills.com\/contactenos\/#breadcrumb\"},\"inLanguage\":\"en-US\",\"potentialAction\":[{\"@type\":\"ReadAction\",\"target\":[\"https:\/\/lewinywills.com\/contactenos\/\"]}]},{\"@type\":\"BreadcrumbList\",\"@id\":\"https:\/\/lewinywills.com\/contactenos\/#breadcrumb\",\"itemListElement\":[{\"@type\":\"ListItem\",\"position\":1,\"name\":\"Inicio\",\"item\":\"https:\/\/lewinywills.com\/\"},{\"@type\":\"ListItem\",\"position\":2,\"name\":\"Cont\u00e1ctenos\"}]},{\"@type\":\"WebSite\",\"@id\":\"https:\/\/lewinywills.com\/#website\",\"url\":\"https:\/\/lewinywills.com\/\",\"name\":\"Lewin &amp; Wills\",\"description\":\"Firma de abogados | Especialidades | Lewin y Wills\",\"potentialAction\":[{\"@type\":\"SearchAction\",\"target\":{\"@type\":\"EntryPoint\",\"urlTemplate\":\"https:\/\/lewinywills.com\/?s={search_term_string}\"},\"query-input\":{\"@type\":\"PropertyValueSpecification\",\"valueRequired\":true,\"valueName\":\"search_term_string\"}}],\"inLanguage\":\"en-US\"}]}<\/script>\n<!-- \/ Yoast SEO plugin. -->","yoast_head_json":{"title":"Cont\u00e1ctenos - Lewin &amp; Wills","robots":{"index":"index","follow":"follow","max-snippet":"max-snippet:-1","max-image-preview":"max-image-preview:large","max-video-preview":"max-video-preview:-1"},"canonical":"https:\/\/lewinywills.com\/en\/contactenos\/","og_locale":"en_US","og_type":"article","og_title":"Cont\u00e1ctenos - Lewin &amp; Wills","og_description":"Contacto para clientes e informaci\u00f3n Cont\u00e1ctenos Direcci\u00f3n Cl. 72A #4-03 Bogot\u00e1 &#8211; Colombia C\u00f3digo Postal: 110221 Ver en Google Maps Tel\u00e9fonos PBX: +57 (601) 312 5577 Whatsapp E-mail lyw@lewinywills.com Enviar mensaje","og_url":"https:\/\/lewinywills.com\/en\/contactenos\/","og_site_name":"Lewin &amp; Wills","article_modified_time":"2025-10-07T00:34:04+00:00","twitter_card":"summary_large_image","twitter_site":"@LewinWills","twitter_misc":{"Est. reading time":"1 minute"},"schema":{"@context":"https:\/\/schema.org","@graph":[{"@type":"WebPage","@id":"https:\/\/lewinywills.com\/contactenos\/","url":"https:\/\/lewinywills.com\/contactenos\/","name":"Cont\u00e1ctenos - Lewin &amp; Wills","isPartOf":{"@id":"https:\/\/lewinywills.com\/#website"},"datePublished":"2019-07-09T12:05:43+00:00","dateModified":"2025-10-07T00:34:04+00:00","breadcrumb":{"@id":"https:\/\/lewinywills.com\/contactenos\/#breadcrumb"},"inLanguage":"en-US","potentialAction":[{"@type":"ReadAction","target":["https:\/\/lewinywills.com\/contactenos\/"]}]},{"@type":"BreadcrumbList","@id":"https:\/\/lewinywills.com\/contactenos\/#breadcrumb","itemListElement":[{"@type":"ListItem","position":1,"name":"Inicio","item":"https:\/\/lewinywills.com\/"},{"@type":"ListItem","position":2,"name":"Cont\u00e1ctenos"}]},{"@type":"WebSite","@id":"https:\/\/lewinywills.com\/#website","url":"https:\/\/lewinywills.com\/","name":"Lewin &amp; Wills","description":"Firma de abogados | Especialidades | Lewin y Wills","potentialAction":[{"@type":"SearchAction","target":{"@type":"EntryPoint","urlTemplate":"https:\/\/lewinywills.com\/?s={search_term_string}"},"query-input":{"@type":"PropertyValueSpecification","valueRequired":true,"valueName":"search_term_string"}}],"inLanguage":"en-US"}]}},"_links":{"self":[{"href":"https:\/\/lewinywills.com\/en\/wp-json\/wp\/v2\/pages\/2000","targetHints":{"allow":["GET"]}}],"collection":[{"href":"https:\/\/lewinywills.com\/en\/wp-json\/wp\/v2\/pages"}],"about":[{"href":"https:\/\/lewinywills.com\/en\/wp-json\/wp\/v2\/types\/page"}],"author":[{"embeddable":true,"href":"https:\/\/lewinywills.com\/en\/wp-json\/wp\/v2\/users\/1"}],"replies":[{"embeddable":true,"href":"https:\/\/lewinywills.com\/en\/wp-json\/wp\/v2\/comments?post=2000"}],"version-history":[{"count":42,"href":"https:\/\/lewinywills.com\/en\/wp-json\/wp\/v2\/pages\/2000\/revisions"}],"predecessor-version":[{"id":11261,"href":"https:\/\/lewinywills.com\/en\/wp-json\/wp\/v2\/pages\/2000\/revisions\/11261"}],"wp:attachment":[{"href":"https:\/\/lewinywills.com\/en\/wp-json\/wp\/v2\/media?parent=2000"}],"curies":[{"name":"wp","href":"https:\/\/api.w.org\/{rel}","templated":true}]}}